{"id":17235,"date":"2016-11-09T23:24:41","date_gmt":"2016-11-09T22:24:41","guid":{"rendered":"https:\/\/beauty.fiapp.com\/fr\/chi-siamo\/"},"modified":"2023-07-03T12:10:41","modified_gmt":"2023-07-03T10:10:41","slug":"notre-historie","status":"publish","type":"page","link":"https:\/\/fiapp.com\/fr\/notre-historie\/","title":{"rendered":"Notre historie"},"content":{"rendered":"<h2>L&#8217;entreprise aujourd&#8217;hui<\/h2>\n<p><strong>FIAPP<\/strong> a \u00e9t\u00e9 fond\u00e9e en 1976 \u00e0 <strong>Bergame<\/strong>, soci\u00e9t\u00e9 sp\u00e9cialis\u00e9e dans la conception, la <strong>fabrication<\/strong> et <strong>l\u2019installation<\/strong> de meubles pour les salons <strong>de coiffure<\/strong>, spas et salons de beaut\u00e9.<\/p>\n<p>Au fil des ans, la soci\u00e9t\u00e9 a \u00e9tendu ses activit\u00e9s, gr\u00e2ce \u00e0 la comp\u00e9tence et la passion, ainsi que les nombreuses collaborations avec les meilleurs fabricants et cosm\u00e9tiques et architectes sp\u00e9cialis\u00e9s dans le domaine. Bient\u00f4t, FIAPP devient une v\u00e9ritable r\u00e9f\u00e9rence dans le secteur de l\u2019ameublements sur mesure, non seulement par rapport aux salons de coiffure, salons de beaut\u00e9, mais aussi pour les bureaux, les boutiques, dans les locaux Food &amp; Drink et le secteur des maisons priv\u00e9es. Actuellement la proposition FIAPP est de plus en plus riche et vari\u00e9e, avec des solutions uniques et originales pour espace priv\u00e9, public et commercial haut de gamme.<\/p>\n","protected":false},"excerpt":{"rendered":"<p>L&#8217;entreprise aujourd&#8217;hui FIAPP a \u00e9t\u00e9 fond\u00e9e en 1976 \u00e0 Bergame, soci\u00e9t\u00e9 sp\u00e9cialis\u00e9e<a href=\"https:\/\/fiapp.com\/fr\/notre-historie\/\">Leggi di pi\u00f9<\/a><\/p>\n","protected":false},"author":3,"featured_media":19755,"parent":0,"menu_order":0,"comment_status":"closed","ping_status":"closed","template":"template-chi-siamo.php","meta":{"_acf_changed":false,"footnotes":""},"class_list":["post-17235","page","type-page","status-publish","has-post-thumbnail","hentry"],"acf":[],"_links":{"self":[{"href":"https:\/\/fiapp.com\/fr\/wp-json\/wp\/v2\/pages\/17235"}],"collection":[{"href":"https:\/\/fiapp.com\/fr\/wp-json\/wp\/v2\/pages"}],"about":[{"href":"https:\/\/fiapp.com\/fr\/wp-json\/wp\/v2\/types\/page"}],"author":[{"embeddable":true,"href":"https:\/\/fiapp.com\/fr\/wp-json\/wp\/v2\/users\/3"}],"replies":[{"embeddable":true,"href":"https:\/\/fiapp.com\/fr\/wp-json\/wp\/v2\/comments?post=17235"}],"version-history":[{"count":9,"href":"https:\/\/fiapp.com\/fr\/wp-json\/wp\/v2\/pages\/17235\/revisions"}],"predecessor-version":[{"id":26512,"href":"https:\/\/fiapp.com\/fr\/wp-json\/wp\/v2\/pages\/17235\/revisions\/26512"}],"wp:featuredmedia":[{"embeddable":true,"href":"https:\/\/fiapp.com\/fr\/wp-json\/wp\/v2\/media\/19755"}],"wp:attachment":[{"href":"https:\/\/fiapp.com\/fr\/wp-json\/wp\/v2\/media?parent=17235"}],"curies":[{"name":"wp","href":"https:\/\/api.w.org\/{rel}","templated":true}]}}