{"id":20977,"date":"2018-10-16T10:40:49","date_gmt":"2018-10-16T08:40:49","guid":{"rendered":"https:\/\/beauty.fiapp.com\/fr\/gdpr-richiedi-dati-personali\/"},"modified":"2018-10-16T17:31:54","modified_gmt":"2018-10-16T15:31:54","slug":"gdpr-richiedi-dati-personali","status":"publish","type":"page","link":"https:\/\/fiapp.com\/fr\/gdpr-richiedi-dati-personali\/","title":{"rendered":"GDPR -Richiedi dati personali"},"content":{"rendered":"<p>[vc_row][vc_column][vc_column_text]En conformit\u00e9 avec la nouvelle l\u00e9gislation concernant la protection des donn\u00e9es personnelles, <strong>Fiapp<\/strong> garantit le droit d\u2019acc\u00e8s, ou la capacit\u00e9 des utilisateurs \u00e0 acc\u00e9der \u00e0 leurs donn\u00e9es personnelles; le droit d\u2019\u00eatre oubli\u00e9, ou le droit des utilisateurs de demander la suppression de leurs donn\u00e9es; la portabilit\u00e9 des donn\u00e9es ou la capacit\u00e9 des utilisateurs \u00e0 transf\u00e9rer leurs donn\u00e9es personnelles d\u2019un syst\u00e8me informatique \u00e0 un autre.<\/p>\n<p>Veuillez indiquer votre email dans le formulaire ci-dessous pour obtenir ce que vous avez demand\u00e9.<\/p>\n<p>[\/vc_column_text][vc_column_text][REQ_CRED_FORM][\/vc_column_text][\/vc_column][\/vc_row]<\/p>\n","protected":false},"excerpt":{"rendered":"<p>[vc_row][vc_column][vc_column_text]En conformit\u00e9 avec la nouvelle l\u00e9gislation concernant la protection des donn\u00e9es personnelles,<a href=\"https:\/\/fiapp.com\/fr\/gdpr-richiedi-dati-personali\/\">Leggi di pi\u00f9<\/a><\/p>\n","protected":false},"author":3,"featured_media":0,"parent":0,"menu_order":0,"comment_status":"closed","ping_status":"closed","template":"","meta":{"_acf_changed":false,"footnotes":""},"class_list":["post-20977","page","type-page","status-publish","hentry"],"acf":[],"_links":{"self":[{"href":"https:\/\/fiapp.com\/fr\/wp-json\/wp\/v2\/pages\/20977"}],"collection":[{"href":"https:\/\/fiapp.com\/fr\/wp-json\/wp\/v2\/pages"}],"about":[{"href":"https:\/\/fiapp.com\/fr\/wp-json\/wp\/v2\/types\/page"}],"author":[{"embeddable":true,"href":"https:\/\/fiapp.com\/fr\/wp-json\/wp\/v2\/users\/3"}],"replies":[{"embeddable":true,"href":"https:\/\/fiapp.com\/fr\/wp-json\/wp\/v2\/comments?post=20977"}],"version-history":[{"count":1,"href":"https:\/\/fiapp.com\/fr\/wp-json\/wp\/v2\/pages\/20977\/revisions"}],"predecessor-version":[{"id":20980,"href":"https:\/\/fiapp.com\/fr\/wp-json\/wp\/v2\/pages\/20977\/revisions\/20980"}],"wp:attachment":[{"href":"https:\/\/fiapp.com\/fr\/wp-json\/wp\/v2\/media?parent=20977"}],"curies":[{"name":"wp","href":"https:\/\/api.w.org\/{rel}","templated":true}]}}