{"id":20992,"date":"2018-10-16T10:37:00","date_gmt":"2018-10-16T08:37:00","guid":{"rendered":"https:\/\/beauty.fiapp.com\/fr\/cookies-policy\/"},"modified":"2023-07-03T12:16:35","modified_gmt":"2023-07-03T10:16:35","slug":"cookies-policy","status":"publish","type":"page","link":"https:\/\/fiapp.com\/fr\/cookies-policy\/","title":{"rendered":"Cookies Policy"},"content":{"rendered":"<p>Ce site utilise des cookies. Nous utilisons des cookies pour personnaliser le contenu et les annonces, pour fournir une fonctionnalit\u00e9 de m\u00e9dias sociaux et pour analyser notre trafic. Nous partageons \u00e9galement des informations sur la mani\u00e8re dont nous utilisons notre site avec nos partenaires d&#8217;analyse Web, de publicit\u00e9 et de m\u00e9dias sociaux, qui pourraient les combiner \u00e0 d&#8217;autres informations fournies ou collect\u00e9es lors de l&#8217;utilisation de leurs services. . Acceptez nos cookies si vous continuez \u00e0 utiliser notre site Web.<\/p>\n<p>Les cookies sont de petits fichiers texte que les sites Web peuvent utiliser pour rendre l&#8217;exp\u00e9rience plus efficace pour l&#8217;utilisateur.<\/p>\n<p>La loi stipule que nous pouvons stocker des cookies sur votre appareil s&#8217;ils sont strictement n\u00e9cessaires au fonctionnement de ce site. Pour tous les autres types de cookies, nous avons besoin de votre permission.<\/p>\n<p>Ce site utilise diff\u00e9rents types de cookies. Certains cookies sont plac\u00e9s par des services tiers apparaissant sur nos pages.<\/p>\n<p>\u00c0 tout moment, vous pouvez modifier ou retirer votre consentement de la d\u00e9claration de cookie figurant sur notre site Web.<\/p>\n<p>En savoir plus sur qui nous sommes, comment nous contacter et comment nous traitons les donn\u00e9es personnelles dans notre d\u00e9claration de confidentialit\u00e9.<\/p>\n<p>Votre consentement s\u2019applique aux sites Web suivants: fiapp.com<\/p>\n<p>Son statut actuel: Accepter tous les cookies (Pr\u00e9f\u00e9rences, Statistiques, Marketing, Non classifi\u00e9).<\/p>\n<div>\n<p><a class=\"gdpr-preferences\" href=\"#\"> Modifier votre consentement <\/a><\/p>\n<\/div>\n","protected":false},"excerpt":{"rendered":"<p>Ce site utilise des cookies. Nous utilisons des cookies pour personnaliser le<a href=\"https:\/\/fiapp.com\/fr\/cookies-policy\/\">Leggi di pi\u00f9<\/a><\/p>\n","protected":false},"author":3,"featured_media":0,"parent":0,"menu_order":0,"comment_status":"closed","ping_status":"closed","template":"template-layout.php","meta":{"_acf_changed":false,"footnotes":""},"class_list":["post-20992","page","type-page","status-publish","hentry"],"acf":[],"_links":{"self":[{"href":"https:\/\/fiapp.com\/fr\/wp-json\/wp\/v2\/pages\/20992"}],"collection":[{"href":"https:\/\/fiapp.com\/fr\/wp-json\/wp\/v2\/pages"}],"about":[{"href":"https:\/\/fiapp.com\/fr\/wp-json\/wp\/v2\/types\/page"}],"author":[{"embeddable":true,"href":"https:\/\/fiapp.com\/fr\/wp-json\/wp\/v2\/users\/3"}],"replies":[{"embeddable":true,"href":"https:\/\/fiapp.com\/fr\/wp-json\/wp\/v2\/comments?post=20992"}],"version-history":[{"count":2,"href":"https:\/\/fiapp.com\/fr\/wp-json\/wp\/v2\/pages\/20992\/revisions"}],"predecessor-version":[{"id":43546,"href":"https:\/\/fiapp.com\/fr\/wp-json\/wp\/v2\/pages\/20992\/revisions\/43546"}],"wp:attachment":[{"href":"https:\/\/fiapp.com\/fr\/wp-json\/wp\/v2\/media?parent=20992"}],"curies":[{"name":"wp","href":"https:\/\/api.w.org\/{rel}","templated":true}]}}