{"id":17754,"date":"2017-03-14T14:51:30","date_gmt":"2017-03-14T13:51:30","guid":{"rendered":"https:\/\/beauty.fiapp.com\/fr\/shop\/ambra-677\/"},"modified":"2023-11-21T17:46:25","modified_gmt":"2023-11-21T16:46:25","slug":"ambra-677","status":"publish","type":"product","link":"https:\/\/fiapp.com\/fr\/ambra-677\/","title":{"rendered":"Fauteuil de Luxe AMBRA 677 : Confort et Style pour votre Salon"},"content":{"rendered":"","protected":false},"excerpt":{"rendered":"<h3>AMBRA 677<\/h3>\n<p>Fauteuil de travail fa\u00e7onn\u00e9 pour coiffeur, habillage en simil-cuir. Peut \u00eatre coupl\u00e9 avec la base ronde UWC19 ou la base \u00e0 5 \u00e9toiles UWC16.<\/p>\n","protected":false},"featured_media":25295,"comment_status":"closed","ping_status":"closed","template":"","meta":{"_acf_changed":false},"product_cat":[541],"product_tag":[],"class_list":["post-17754","product","type-product","status-publish","has-post-thumbnail","hentry","product_cat-fauteuils-de-travail-coiffeur"],"acf":[],"_links":{"self":[{"href":"https:\/\/fiapp.com\/fr\/wp-json\/wp\/v2\/product\/17754"}],"collection":[{"href":"https:\/\/fiapp.com\/fr\/wp-json\/wp\/v2\/product"}],"about":[{"href":"https:\/\/fiapp.com\/fr\/wp-json\/wp\/v2\/types\/product"}],"replies":[{"embeddable":true,"href":"https:\/\/fiapp.com\/fr\/wp-json\/wp\/v2\/comments?post=17754"}],"wp:featuredmedia":[{"embeddable":true,"href":"https:\/\/fiapp.com\/fr\/wp-json\/wp\/v2\/media\/25295"}],"wp:attachment":[{"href":"https:\/\/fiapp.com\/fr\/wp-json\/wp\/v2\/media?parent=17754"}],"wp:term":[{"taxonomy":"product_cat","embeddable":true,"href":"https:\/\/fiapp.com\/fr\/wp-json\/wp\/v2\/product_cat?post=17754"},{"taxonomy":"product_tag","embeddable":true,"href":"https:\/\/fiapp.com\/fr\/wp-json\/wp\/v2\/product_tag?post=17754"}],"curies":[{"name":"wp","href":"https:\/\/api.w.org\/{rel}","templated":true}]}}