{"id":20097,"date":"2017-03-15T10:29:21","date_gmt":"2017-03-15T09:29:21","guid":{"rendered":"https:\/\/beauty.fiapp.com\/fr\/shop\/cosmo-1021\/"},"modified":"2023-11-22T09:22:39","modified_gmt":"2023-11-22T08:22:39","slug":"cosmo-1021","status":"publish","type":"product","link":"https:\/\/fiapp.com\/fr\/cosmo-1021\/","title":{"rendered":"Design et praticit\u00e9 dans l&#8217;\u00e9cran COSMO 1021"},"content":{"rendered":"","protected":false},"excerpt":{"rendered":"<h3>COSMO 1021<\/h3>\n<p>Pr\u00e9sentoir avec base cubique, vitrine en verre sans porte, 3 \u00e9tag\u00e8res en verre coll\u00e9es UV.<\/p>\n","protected":false},"featured_media":19713,"comment_status":"open","ping_status":"closed","template":"","meta":{"_acf_changed":false},"product_cat":[551,539],"product_tag":[],"class_list":["post-20097","product","type-product","status-publish","has-post-thumbnail","hentry","product_cat-meubles-vitrine-et-exposeurs-spa-nails","product_cat-meubles-vitrine-et-exposeurs-coiffeur"],"acf":[],"_links":{"self":[{"href":"https:\/\/fiapp.com\/fr\/wp-json\/wp\/v2\/product\/20097"}],"collection":[{"href":"https:\/\/fiapp.com\/fr\/wp-json\/wp\/v2\/product"}],"about":[{"href":"https:\/\/fiapp.com\/fr\/wp-json\/wp\/v2\/types\/product"}],"replies":[{"embeddable":true,"href":"https:\/\/fiapp.com\/fr\/wp-json\/wp\/v2\/comments?post=20097"}],"wp:featuredmedia":[{"embeddable":true,"href":"https:\/\/fiapp.com\/fr\/wp-json\/wp\/v2\/media\/19713"}],"wp:attachment":[{"href":"https:\/\/fiapp.com\/fr\/wp-json\/wp\/v2\/media?parent=20097"}],"wp:term":[{"taxonomy":"product_cat","embeddable":true,"href":"https:\/\/fiapp.com\/fr\/wp-json\/wp\/v2\/product_cat?post=20097"},{"taxonomy":"product_tag","embeddable":true,"href":"https:\/\/fiapp.com\/fr\/wp-json\/wp\/v2\/product_tag?post=20097"}],"curies":[{"name":"wp","href":"https:\/\/api.w.org\/{rel}","templated":true}]}}