{"id":20109,"date":"2017-03-15T10:21:59","date_gmt":"2017-03-15T09:21:59","guid":{"rendered":"https:\/\/beauty.fiapp.com\/fr\/shop\/475\/"},"modified":"2023-11-22T09:11:13","modified_gmt":"2023-11-22T08:11:13","slug":"box-475","status":"publish","type":"product","link":"https:\/\/fiapp.com\/fr\/box-475\/","title":{"rendered":"Vitrine mobile BOX 475 : pr\u00e9sentoir \u00e9l\u00e9gant pour produits de beaut\u00e9"},"content":{"rendered":"","protected":false},"excerpt":{"rendered":"<h3>BOX 475<\/h3>\n<p>Meuble vitrine, portes en partie basse et \u00e9tag\u00e8res en verre en partie haute. Option: \u00e9clairage par LED.<\/p>\n","protected":false},"featured_media":19697,"comment_status":"open","ping_status":"closed","template":"","meta":{"_acf_changed":false},"product_cat":[539,551],"product_tag":[],"class_list":["post-20109","product","type-product","status-publish","has-post-thumbnail","hentry","product_cat-meubles-vitrine-et-exposeurs-coiffeur","product_cat-meubles-vitrine-et-exposeurs-spa-nails"],"acf":[],"_links":{"self":[{"href":"https:\/\/fiapp.com\/fr\/wp-json\/wp\/v2\/product\/20109"}],"collection":[{"href":"https:\/\/fiapp.com\/fr\/wp-json\/wp\/v2\/product"}],"about":[{"href":"https:\/\/fiapp.com\/fr\/wp-json\/wp\/v2\/types\/product"}],"replies":[{"embeddable":true,"href":"https:\/\/fiapp.com\/fr\/wp-json\/wp\/v2\/comments?post=20109"}],"wp:featuredmedia":[{"embeddable":true,"href":"https:\/\/fiapp.com\/fr\/wp-json\/wp\/v2\/media\/19697"}],"wp:attachment":[{"href":"https:\/\/fiapp.com\/fr\/wp-json\/wp\/v2\/media?parent=20109"}],"wp:term":[{"taxonomy":"product_cat","embeddable":true,"href":"https:\/\/fiapp.com\/fr\/wp-json\/wp\/v2\/product_cat?post=20109"},{"taxonomy":"product_tag","embeddable":true,"href":"https:\/\/fiapp.com\/fr\/wp-json\/wp\/v2\/product_tag?post=20109"}],"curies":[{"name":"wp","href":"https:\/\/api.w.org\/{rel}","templated":true}]}}