{"id":20113,"date":"2017-03-15T10:19:19","date_gmt":"2017-03-15T09:19:19","guid":{"rendered":"https:\/\/beauty.fiapp.com\/fr\/shop\/zen-473\/"},"modified":"2023-11-23T14:32:36","modified_gmt":"2023-11-23T13:32:36","slug":"zen-473","status":"publish","type":"product","link":"https:\/\/fiapp.com\/fr\/zen-473\/","title":{"rendered":"\u00c9cran Zen 473 : \u00c9l\u00e9gance et praticit\u00e9"},"content":{"rendered":"","protected":false},"excerpt":{"rendered":"<h3>ZEN 473<\/h3>\n<p>Vitrine laqu\u00e9 avec \u00e9tag\u00e8res fix\u00e9es.<\/p>\n","protected":false},"featured_media":19691,"comment_status":"open","ping_status":"closed","template":"","meta":{"_acf_changed":false},"product_cat":[539,551],"product_tag":[],"class_list":["post-20113","product","type-product","status-publish","has-post-thumbnail","hentry","product_cat-meubles-vitrine-et-exposeurs-coiffeur","product_cat-meubles-vitrine-et-exposeurs-spa-nails"],"acf":[],"_links":{"self":[{"href":"https:\/\/fiapp.com\/fr\/wp-json\/wp\/v2\/product\/20113"}],"collection":[{"href":"https:\/\/fiapp.com\/fr\/wp-json\/wp\/v2\/product"}],"about":[{"href":"https:\/\/fiapp.com\/fr\/wp-json\/wp\/v2\/types\/product"}],"replies":[{"embeddable":true,"href":"https:\/\/fiapp.com\/fr\/wp-json\/wp\/v2\/comments?post=20113"}],"wp:featuredmedia":[{"embeddable":true,"href":"https:\/\/fiapp.com\/fr\/wp-json\/wp\/v2\/media\/19691"}],"wp:attachment":[{"href":"https:\/\/fiapp.com\/fr\/wp-json\/wp\/v2\/media?parent=20113"}],"wp:term":[{"taxonomy":"product_cat","embeddable":true,"href":"https:\/\/fiapp.com\/fr\/wp-json\/wp\/v2\/product_cat?post=20113"},{"taxonomy":"product_tag","embeddable":true,"href":"https:\/\/fiapp.com\/fr\/wp-json\/wp\/v2\/product_tag?post=20113"}],"curies":[{"name":"wp","href":"https:\/\/api.w.org\/{rel}","templated":true}]}}