{"id":20121,"date":"2017-03-15T10:12:15","date_gmt":"2017-03-15T09:12:15","guid":{"rendered":"https:\/\/beauty.fiapp.com\/fr\/shop\/cosmo-417\/"},"modified":"2023-11-22T09:24:08","modified_gmt":"2023-11-22T08:24:08","slug":"cosmo-417","status":"publish","type":"product","link":"https:\/\/fiapp.com\/fr\/cosmo-417\/","title":{"rendered":"Maximisez votre espace avec l&#8217;affichage mural COSMO 417"},"content":{"rendered":"","protected":false},"excerpt":{"rendered":"<h3>COSMO 417<\/h3>\n<p>Vitrine \u00e0 mur avec 5 \u00e9tag\u00e8res en verre.<\/p>\n","protected":false},"featured_media":19683,"comment_status":"open","ping_status":"closed","template":"","meta":{"_acf_changed":false},"product_cat":[551,539],"product_tag":[],"class_list":["post-20121","product","type-product","status-publish","has-post-thumbnail","hentry","product_cat-meubles-vitrine-et-exposeurs-spa-nails","product_cat-meubles-vitrine-et-exposeurs-coiffeur"],"acf":[],"_links":{"self":[{"href":"https:\/\/fiapp.com\/fr\/wp-json\/wp\/v2\/product\/20121"}],"collection":[{"href":"https:\/\/fiapp.com\/fr\/wp-json\/wp\/v2\/product"}],"about":[{"href":"https:\/\/fiapp.com\/fr\/wp-json\/wp\/v2\/types\/product"}],"replies":[{"embeddable":true,"href":"https:\/\/fiapp.com\/fr\/wp-json\/wp\/v2\/comments?post=20121"}],"wp:featuredmedia":[{"embeddable":true,"href":"https:\/\/fiapp.com\/fr\/wp-json\/wp\/v2\/media\/19683"}],"wp:attachment":[{"href":"https:\/\/fiapp.com\/fr\/wp-json\/wp\/v2\/media?parent=20121"}],"wp:term":[{"taxonomy":"product_cat","embeddable":true,"href":"https:\/\/fiapp.com\/fr\/wp-json\/wp\/v2\/product_cat?post=20121"},{"taxonomy":"product_tag","embeddable":true,"href":"https:\/\/fiapp.com\/fr\/wp-json\/wp\/v2\/product_tag?post=20121"}],"curies":[{"name":"wp","href":"https:\/\/api.w.org\/{rel}","templated":true}]}}