{"id":20133,"date":"2017-03-14T19:40:30","date_gmt":"2017-03-14T18:40:30","guid":{"rendered":"https:\/\/beauty.fiapp.com\/fr\/shop\/spa-e130s-e-e130sd\/"},"modified":"2023-11-23T12:33:08","modified_gmt":"2023-11-23T11:33:08","slug":"spa-e130s-e-e130sd","status":"publish","type":"product","link":"https:\/\/fiapp.com\/fr\/spa-e130s-e-e130sd\/","title":{"rendered":"Station de manucure SPA E130S : confort et style pour d&#8217;excellents services"},"content":{"rendered":"","protected":false},"excerpt":{"rendered":"<h3>SPA E130S e E130SD<\/h3>\n<p>Place de manucure complete avec bloc tiroirs sous le plan de travail. Option: aspirateur int\u00e9gr\u00e9, lampe LED pour l&#8217;\u00e9clairage du plan de travail, prises et interrupteurs.<\/p>\n","protected":false},"featured_media":19661,"comment_status":"open","ping_status":"closed","template":"","meta":{"_acf_changed":false},"product_cat":[294],"product_tag":[],"class_list":["post-20133","product","type-product","status-publish","has-post-thumbnail","hentry","product_cat-tables-de-manucure-spa-nails"],"acf":[],"_links":{"self":[{"href":"https:\/\/fiapp.com\/fr\/wp-json\/wp\/v2\/product\/20133"}],"collection":[{"href":"https:\/\/fiapp.com\/fr\/wp-json\/wp\/v2\/product"}],"about":[{"href":"https:\/\/fiapp.com\/fr\/wp-json\/wp\/v2\/types\/product"}],"replies":[{"embeddable":true,"href":"https:\/\/fiapp.com\/fr\/wp-json\/wp\/v2\/comments?post=20133"}],"wp:featuredmedia":[{"embeddable":true,"href":"https:\/\/fiapp.com\/fr\/wp-json\/wp\/v2\/media\/19661"}],"wp:attachment":[{"href":"https:\/\/fiapp.com\/fr\/wp-json\/wp\/v2\/media?parent=20133"}],"wp:term":[{"taxonomy":"product_cat","embeddable":true,"href":"https:\/\/fiapp.com\/fr\/wp-json\/wp\/v2\/product_cat?post=20133"},{"taxonomy":"product_tag","embeddable":true,"href":"https:\/\/fiapp.com\/fr\/wp-json\/wp\/v2\/product_tag?post=20133"}],"curies":[{"name":"wp","href":"https:\/\/api.w.org\/{rel}","templated":true}]}}