{"id":20137,"date":"2017-03-14T19:38:30","date_gmt":"2017-03-14T18:38:30","guid":{"rendered":"https:\/\/beauty.fiapp.com\/fr\/shop\/nails-e130h-e-e130hd\/"},"modified":"2023-11-23T11:52:46","modified_gmt":"2023-11-23T10:52:46","slug":"nails-e130h-e-e130hd","status":"publish","type":"product","link":"https:\/\/fiapp.com\/fr\/nails-e130h-e-e130hd\/","title":{"rendered":"Spacieux Nails Bar E130HD : Confort et Qualit\u00e9 pour la Manucure"},"content":{"rendered":"","protected":false},"excerpt":{"rendered":"<h3>NAILS E130H e E130HD<\/h3>\n<p>Bar Nails \u00e0 2 places complete avec 2 blocs tiroirs sous le plan de travail, 2 pieds chrom\u00e9. Option: aspirateurs int\u00e9gr\u00e9, lampes LED pour l&#8217;\u00e9clairage du plan de travail, prises et interrupteurs.<\/p>\n","protected":false},"featured_media":19657,"comment_status":"open","ping_status":"closed","template":"","meta":{"_acf_changed":false},"product_cat":[294],"product_tag":[],"class_list":["post-20137","product","type-product","status-publish","has-post-thumbnail","hentry","product_cat-tables-de-manucure-spa-nails"],"acf":[],"_links":{"self":[{"href":"https:\/\/fiapp.com\/fr\/wp-json\/wp\/v2\/product\/20137"}],"collection":[{"href":"https:\/\/fiapp.com\/fr\/wp-json\/wp\/v2\/product"}],"about":[{"href":"https:\/\/fiapp.com\/fr\/wp-json\/wp\/v2\/types\/product"}],"replies":[{"embeddable":true,"href":"https:\/\/fiapp.com\/fr\/wp-json\/wp\/v2\/comments?post=20137"}],"wp:featuredmedia":[{"embeddable":true,"href":"https:\/\/fiapp.com\/fr\/wp-json\/wp\/v2\/media\/19657"}],"wp:attachment":[{"href":"https:\/\/fiapp.com\/fr\/wp-json\/wp\/v2\/media?parent=20137"}],"wp:term":[{"taxonomy":"product_cat","embeddable":true,"href":"https:\/\/fiapp.com\/fr\/wp-json\/wp\/v2\/product_cat?post=20137"},{"taxonomy":"product_tag","embeddable":true,"href":"https:\/\/fiapp.com\/fr\/wp-json\/wp\/v2\/product_tag?post=20137"}],"curies":[{"name":"wp","href":"https:\/\/api.w.org\/{rel}","templated":true}]}}