{"id":20161,"date":"2017-03-14T19:22:30","date_gmt":"2017-03-14T18:22:30","guid":{"rendered":"https:\/\/beauty.fiapp.com\/fr\/shop\/utility-508\/"},"modified":"2023-11-23T14:10:46","modified_gmt":"2023-11-23T13:10:46","slug":"utility-508","status":"publish","type":"product","link":"https:\/\/fiapp.com\/fr\/utility-508\/","title":{"rendered":"Chariot utilitaire 508 : organisation et style"},"content":{"rendered":"","protected":false},"excerpt":{"rendered":"<h3>UTILITY 508<\/h3>\n<p>Chariot de service en m\u00e9lamin\u00e9, 3 tiroirs, plateau surbaiss\u00e9 revetu inox bross\u00e9, compartiment ouvert pour les produits.<\/p>\n","protected":false},"featured_media":19625,"comment_status":"closed","ping_status":"closed","template":"","meta":{"_acf_changed":false},"product_cat":[303,304],"product_tag":[],"class_list":["post-20161","product","type-product","status-publish","has-post-thumbnail","hentry","product_cat-chariots-spa-nails","product_cat-chariots-coiffeur"],"acf":[],"_links":{"self":[{"href":"https:\/\/fiapp.com\/fr\/wp-json\/wp\/v2\/product\/20161"}],"collection":[{"href":"https:\/\/fiapp.com\/fr\/wp-json\/wp\/v2\/product"}],"about":[{"href":"https:\/\/fiapp.com\/fr\/wp-json\/wp\/v2\/types\/product"}],"replies":[{"embeddable":true,"href":"https:\/\/fiapp.com\/fr\/wp-json\/wp\/v2\/comments?post=20161"}],"wp:featuredmedia":[{"embeddable":true,"href":"https:\/\/fiapp.com\/fr\/wp-json\/wp\/v2\/media\/19625"}],"wp:attachment":[{"href":"https:\/\/fiapp.com\/fr\/wp-json\/wp\/v2\/media?parent=20161"}],"wp:term":[{"taxonomy":"product_cat","embeddable":true,"href":"https:\/\/fiapp.com\/fr\/wp-json\/wp\/v2\/product_cat?post=20161"},{"taxonomy":"product_tag","embeddable":true,"href":"https:\/\/fiapp.com\/fr\/wp-json\/wp\/v2\/product_tag?post=20161"}],"curies":[{"name":"wp","href":"https:\/\/api.w.org\/{rel}","templated":true}]}}