{"id":20169,"date":"2017-03-14T19:15:21","date_gmt":"2017-03-14T18:15:21","guid":{"rendered":"https:\/\/beauty.fiapp.com\/fr\/shop\/ambra-p22\/"},"modified":"2023-11-21T17:49:20","modified_gmt":"2023-11-21T16:49:20","slug":"ambra-p22","status":"publish","type":"product","link":"https:\/\/fiapp.com\/fr\/ambra-p22\/","title":{"rendered":"Tabouret haut AMBRA P22L : Design et confort pour les salons modernes"},"content":{"rendered":"","protected":false},"excerpt":{"rendered":"<h3>AMBRA P22<\/h3>\n<p>Tabouret de coiffeur fa\u00e7onn\u00e9, habillage en simil-cuir, base \u00e0 5 \u00e9toiles, pompe \u00e0 gaz haute avec repose-pieds int\u00e9gr\u00e9.<\/p>\n","protected":false},"featured_media":26786,"comment_status":"closed","ping_status":"closed","template":"","meta":{"_acf_changed":false},"product_cat":[544,552,332,330],"product_tag":[],"class_list":["post-20169","product","type-product","status-publish","has-post-thumbnail","hentry","product_cat-pouf-et-tabourets-coiffeur","product_cat-pouf-et-tabourets-spa-nails","product_cat-tabourets-et-tables-coiffeur","product_cat-tabourets-et-tables-spa-nails"],"acf":[],"_links":{"self":[{"href":"https:\/\/fiapp.com\/fr\/wp-json\/wp\/v2\/product\/20169"}],"collection":[{"href":"https:\/\/fiapp.com\/fr\/wp-json\/wp\/v2\/product"}],"about":[{"href":"https:\/\/fiapp.com\/fr\/wp-json\/wp\/v2\/types\/product"}],"replies":[{"embeddable":true,"href":"https:\/\/fiapp.com\/fr\/wp-json\/wp\/v2\/comments?post=20169"}],"wp:featuredmedia":[{"embeddable":true,"href":"https:\/\/fiapp.com\/fr\/wp-json\/wp\/v2\/media\/26786"}],"wp:attachment":[{"href":"https:\/\/fiapp.com\/fr\/wp-json\/wp\/v2\/media?parent=20169"}],"wp:term":[{"taxonomy":"product_cat","embeddable":true,"href":"https:\/\/fiapp.com\/fr\/wp-json\/wp\/v2\/product_cat?post=20169"},{"taxonomy":"product_tag","embeddable":true,"href":"https:\/\/fiapp.com\/fr\/wp-json\/wp\/v2\/product_tag?post=20169"}],"curies":[{"name":"wp","href":"https:\/\/api.w.org\/{rel}","templated":true}]}}