{"id":20173,"date":"2017-03-14T19:13:22","date_gmt":"2017-03-14T18:13:22","guid":{"rendered":"https:\/\/beauty.fiapp.com\/fr\/shop\/diablo-p21\/"},"modified":"2023-11-22T12:56:22","modified_gmt":"2023-11-22T11:56:22","slug":"diablo-p21","status":"publish","type":"product","link":"https:\/\/fiapp.com\/fr\/diablo-p21\/","title":{"rendered":"Tabouret DIABLO P21 : Confort et Design pour les Esth\u00e9ticiennes"},"content":{"rendered":"","protected":false},"excerpt":{"rendered":"<h3>DIABLO P21<\/h3>\n<p>Tabouret avec structure inox bross\u00e9, habillage assise et dossier en simil-cuir. Repose-pieds int\u00e9gr\u00e9.<\/p>\n","protected":false},"featured_media":19741,"comment_status":"closed","ping_status":"closed","template":"","meta":{"_acf_changed":false},"product_cat":[544,552,330,332],"product_tag":[],"class_list":["post-20173","product","type-product","status-publish","has-post-thumbnail","hentry","product_cat-pouf-et-tabourets-coiffeur","product_cat-pouf-et-tabourets-spa-nails","product_cat-tabourets-et-tables-spa-nails","product_cat-tabourets-et-tables-coiffeur"],"acf":[],"_links":{"self":[{"href":"https:\/\/fiapp.com\/fr\/wp-json\/wp\/v2\/product\/20173"}],"collection":[{"href":"https:\/\/fiapp.com\/fr\/wp-json\/wp\/v2\/product"}],"about":[{"href":"https:\/\/fiapp.com\/fr\/wp-json\/wp\/v2\/types\/product"}],"replies":[{"embeddable":true,"href":"https:\/\/fiapp.com\/fr\/wp-json\/wp\/v2\/comments?post=20173"}],"wp:featuredmedia":[{"embeddable":true,"href":"https:\/\/fiapp.com\/fr\/wp-json\/wp\/v2\/media\/19741"}],"wp:attachment":[{"href":"https:\/\/fiapp.com\/fr\/wp-json\/wp\/v2\/media?parent=20173"}],"wp:term":[{"taxonomy":"product_cat","embeddable":true,"href":"https:\/\/fiapp.com\/fr\/wp-json\/wp\/v2\/product_cat?post=20173"},{"taxonomy":"product_tag","embeddable":true,"href":"https:\/\/fiapp.com\/fr\/wp-json\/wp\/v2\/product_tag?post=20173"}],"curies":[{"name":"wp","href":"https:\/\/api.w.org\/{rel}","templated":true}]}}