{"id":20178,"date":"2017-03-14T19:11:19","date_gmt":"2017-03-14T18:11:19","guid":{"rendered":"https:\/\/beauty.fiapp.com\/fr\/shop\/squared-p20\/"},"modified":"2023-11-23T12:46:37","modified_gmt":"2023-11-23T11:46:37","slug":"squared-p20","status":"publish","type":"product","link":"https:\/\/fiapp.com\/fr\/squared-p20\/","title":{"rendered":"Tabouret carr\u00e9 P20 avec dossier pour professionnels"},"content":{"rendered":"","protected":false},"excerpt":{"rendered":"<h3>SQUARED P20<\/h3>\n<p>Tabouret de coiffeur avec petit dossier, habillage en simil-cuir, base \u00e0 5 \u00e9toiles, pompe \u00e0 gaz.<\/p>\n","protected":false},"featured_media":26758,"comment_status":"closed","ping_status":"closed","template":"","meta":{"_acf_changed":false},"product_cat":[544,552,330,332],"product_tag":[],"class_list":["post-20178","product","type-product","status-publish","has-post-thumbnail","hentry","product_cat-pouf-et-tabourets-coiffeur","product_cat-pouf-et-tabourets-spa-nails","product_cat-tabourets-et-tables-spa-nails","product_cat-tabourets-et-tables-coiffeur"],"acf":[],"_links":{"self":[{"href":"https:\/\/fiapp.com\/fr\/wp-json\/wp\/v2\/product\/20178"}],"collection":[{"href":"https:\/\/fiapp.com\/fr\/wp-json\/wp\/v2\/product"}],"about":[{"href":"https:\/\/fiapp.com\/fr\/wp-json\/wp\/v2\/types\/product"}],"replies":[{"embeddable":true,"href":"https:\/\/fiapp.com\/fr\/wp-json\/wp\/v2\/comments?post=20178"}],"wp:featuredmedia":[{"embeddable":true,"href":"https:\/\/fiapp.com\/fr\/wp-json\/wp\/v2\/media\/26758"}],"wp:attachment":[{"href":"https:\/\/fiapp.com\/fr\/wp-json\/wp\/v2\/media?parent=20178"}],"wp:term":[{"taxonomy":"product_cat","embeddable":true,"href":"https:\/\/fiapp.com\/fr\/wp-json\/wp\/v2\/product_cat?post=20178"},{"taxonomy":"product_tag","embeddable":true,"href":"https:\/\/fiapp.com\/fr\/wp-json\/wp\/v2\/product_tag?post=20178"}],"curies":[{"name":"wp","href":"https:\/\/api.w.org\/{rel}","templated":true}]}}