{"id":20184,"date":"2017-03-14T19:06:43","date_gmt":"2017-03-14T18:06:43","guid":{"rendered":"https:\/\/beauty.fiapp.com\/fr\/shop\/urban-p18-2\/"},"modified":"2023-11-23T14:08:29","modified_gmt":"2023-11-23T13:08:29","slug":"urban-p18-2","status":"publish","type":"product","link":"https:\/\/fiapp.com\/fr\/urban-p18-2\/","title":{"rendered":"Tabouret professionnel URBAN P18 pour sp\u00e9cialistes du bien-\u00eatre"},"content":{"rendered":"","protected":false},"excerpt":{"rendered":"<h3>URBAN P18<\/h3>\n<p>Tabouret de coiffeur avec assise fa\u00e7onn\u00e9 et dossier courbe, habillage en simil-cuir, base \u00e0 5 \u00e9toiles, pompe \u00e0 gaz.<\/p>\n","protected":false},"featured_media":26740,"comment_status":"closed","ping_status":"closed","template":"","meta":{"_acf_changed":false},"product_cat":[552,544,330,332],"product_tag":[],"class_list":["post-20184","product","type-product","status-publish","has-post-thumbnail","hentry","product_cat-pouf-et-tabourets-spa-nails","product_cat-pouf-et-tabourets-coiffeur","product_cat-tabourets-et-tables-spa-nails","product_cat-tabourets-et-tables-coiffeur"],"acf":[],"_links":{"self":[{"href":"https:\/\/fiapp.com\/fr\/wp-json\/wp\/v2\/product\/20184"}],"collection":[{"href":"https:\/\/fiapp.com\/fr\/wp-json\/wp\/v2\/product"}],"about":[{"href":"https:\/\/fiapp.com\/fr\/wp-json\/wp\/v2\/types\/product"}],"replies":[{"embeddable":true,"href":"https:\/\/fiapp.com\/fr\/wp-json\/wp\/v2\/comments?post=20184"}],"wp:featuredmedia":[{"embeddable":true,"href":"https:\/\/fiapp.com\/fr\/wp-json\/wp\/v2\/media\/26740"}],"wp:attachment":[{"href":"https:\/\/fiapp.com\/fr\/wp-json\/wp\/v2\/media?parent=20184"}],"wp:term":[{"taxonomy":"product_cat","embeddable":true,"href":"https:\/\/fiapp.com\/fr\/wp-json\/wp\/v2\/product_cat?post=20184"},{"taxonomy":"product_tag","embeddable":true,"href":"https:\/\/fiapp.com\/fr\/wp-json\/wp\/v2\/product_tag?post=20184"}],"curies":[{"name":"wp","href":"https:\/\/api.w.org\/{rel}","templated":true}]}}