{"id":20200,"date":"2017-03-14T18:54:35","date_gmt":"2017-03-14T17:54:35","guid":{"rendered":"https:\/\/beauty.fiapp.com\/fr\/shop\/pony-p11-2\/"},"modified":"2023-11-23T12:07:22","modified_gmt":"2023-11-23T11:07:22","slug":"pony-p11-2","status":"publish","type":"product","link":"https:\/\/fiapp.com\/fr\/pony-p11-2\/","title":{"rendered":"Tabouret de Coiffure Pony P11 &#8211; Confort et Design pour les Professionnels"},"content":{"rendered":"","protected":false},"excerpt":{"rendered":"<h3>PONY P11<\/h3>\n<p>Tabouret de coiffeur avec assise fa\u00e7onn\u00e9, habillage en simil-cuir, base \u00e0 5 \u00e9toiles, pompe \u00e0 gaz.<\/p>\n","protected":false},"featured_media":26734,"comment_status":"closed","ping_status":"closed","template":"","meta":{"_acf_changed":false},"product_cat":[544,552,332,330],"product_tag":[],"class_list":["post-20200","product","type-product","status-publish","has-post-thumbnail","hentry","product_cat-pouf-et-tabourets-coiffeur","product_cat-pouf-et-tabourets-spa-nails","product_cat-tabourets-et-tables-coiffeur","product_cat-tabourets-et-tables-spa-nails"],"acf":[],"_links":{"self":[{"href":"https:\/\/fiapp.com\/fr\/wp-json\/wp\/v2\/product\/20200"}],"collection":[{"href":"https:\/\/fiapp.com\/fr\/wp-json\/wp\/v2\/product"}],"about":[{"href":"https:\/\/fiapp.com\/fr\/wp-json\/wp\/v2\/types\/product"}],"replies":[{"embeddable":true,"href":"https:\/\/fiapp.com\/fr\/wp-json\/wp\/v2\/comments?post=20200"}],"wp:featuredmedia":[{"embeddable":true,"href":"https:\/\/fiapp.com\/fr\/wp-json\/wp\/v2\/media\/26734"}],"wp:attachment":[{"href":"https:\/\/fiapp.com\/fr\/wp-json\/wp\/v2\/media?parent=20200"}],"wp:term":[{"taxonomy":"product_cat","embeddable":true,"href":"https:\/\/fiapp.com\/fr\/wp-json\/wp\/v2\/product_cat?post=20200"},{"taxonomy":"product_tag","embeddable":true,"href":"https:\/\/fiapp.com\/fr\/wp-json\/wp\/v2\/product_tag?post=20200"}],"curies":[{"name":"wp","href":"https:\/\/api.w.org\/{rel}","templated":true}]}}