{"id":20208,"date":"2017-03-14T18:39:05","date_gmt":"2017-03-14T17:39:05","guid":{"rendered":"https:\/\/beauty.fiapp.com\/fr\/shop\/secrets-t16\/"},"modified":"2023-11-23T12:20:18","modified_gmt":"2023-11-23T11:20:18","slug":"secrets-t16","status":"publish","type":"product","link":"https:\/\/fiapp.com\/fr\/secrets-t16\/","title":{"rendered":"Table Magazine SECRETS T16 : Design et Confort pour le Salon"},"content":{"rendered":"","protected":false},"excerpt":{"rendered":"<h3>SECRETS T16<\/h3>\n<p>Table avec surface moul\u00e9e laqu\u00e9 brillant et avec abat-jour ins\u00e9r\u00e9 dans la structure<\/p>\n","protected":false},"featured_media":19559,"comment_status":"closed","ping_status":"closed","template":"","meta":{"_acf_changed":false},"product_cat":[553,545,332,330],"product_tag":[],"class_list":["post-20208","product","type-product","status-publish","has-post-thumbnail","hentry","product_cat-tables-spa-nails","product_cat-tables-de-coiffure","product_cat-tabourets-et-tables-coiffeur","product_cat-tabourets-et-tables-spa-nails"],"acf":[],"_links":{"self":[{"href":"https:\/\/fiapp.com\/fr\/wp-json\/wp\/v2\/product\/20208"}],"collection":[{"href":"https:\/\/fiapp.com\/fr\/wp-json\/wp\/v2\/product"}],"about":[{"href":"https:\/\/fiapp.com\/fr\/wp-json\/wp\/v2\/types\/product"}],"replies":[{"embeddable":true,"href":"https:\/\/fiapp.com\/fr\/wp-json\/wp\/v2\/comments?post=20208"}],"wp:featuredmedia":[{"embeddable":true,"href":"https:\/\/fiapp.com\/fr\/wp-json\/wp\/v2\/media\/19559"}],"wp:attachment":[{"href":"https:\/\/fiapp.com\/fr\/wp-json\/wp\/v2\/media?parent=20208"}],"wp:term":[{"taxonomy":"product_cat","embeddable":true,"href":"https:\/\/fiapp.com\/fr\/wp-json\/wp\/v2\/product_cat?post=20208"},{"taxonomy":"product_tag","embeddable":true,"href":"https:\/\/fiapp.com\/fr\/wp-json\/wp\/v2\/product_tag?post=20208"}],"curies":[{"name":"wp","href":"https:\/\/api.w.org\/{rel}","templated":true}]}}