{"id":20210,"date":"2017-03-14T18:36:47","date_gmt":"2017-03-14T17:36:47","guid":{"rendered":"https:\/\/beauty.fiapp.com\/fr\/shop\/secrets-t15\/"},"modified":"2023-11-23T12:16:53","modified_gmt":"2023-11-23T11:16:53","slug":"secrets-t15","status":"publish","type":"product","link":"https:\/\/fiapp.com\/fr\/secrets-t15\/","title":{"rendered":"Station Conseil SECRETS T15 : Innovation et Style"},"content":{"rendered":"","protected":false},"excerpt":{"rendered":"<h3>SECRETS T15<\/h3>\n<p>Table laqu\u00e9 avec planteau fa\u00e7onn\u00e9. Option: miroir amovible avec support inox bross\u00e9.<\/p>\n","protected":false},"featured_media":26715,"comment_status":"closed","ping_status":"closed","template":"","meta":{"_acf_changed":false},"product_cat":[328],"product_tag":[],"class_list":["post-20210","product","type-product","status-publish","has-post-thumbnail","hentry","product_cat-places-coiffage-coiffeur"],"acf":[],"_links":{"self":[{"href":"https:\/\/fiapp.com\/fr\/wp-json\/wp\/v2\/product\/20210"}],"collection":[{"href":"https:\/\/fiapp.com\/fr\/wp-json\/wp\/v2\/product"}],"about":[{"href":"https:\/\/fiapp.com\/fr\/wp-json\/wp\/v2\/types\/product"}],"replies":[{"embeddable":true,"href":"https:\/\/fiapp.com\/fr\/wp-json\/wp\/v2\/comments?post=20210"}],"wp:featuredmedia":[{"embeddable":true,"href":"https:\/\/fiapp.com\/fr\/wp-json\/wp\/v2\/media\/26715"}],"wp:attachment":[{"href":"https:\/\/fiapp.com\/fr\/wp-json\/wp\/v2\/media?parent=20210"}],"wp:term":[{"taxonomy":"product_cat","embeddable":true,"href":"https:\/\/fiapp.com\/fr\/wp-json\/wp\/v2\/product_cat?post=20210"},{"taxonomy":"product_tag","embeddable":true,"href":"https:\/\/fiapp.com\/fr\/wp-json\/wp\/v2\/product_tag?post=20210"}],"curies":[{"name":"wp","href":"https:\/\/api.w.org\/{rel}","templated":true}]}}