{"id":20221,"date":"2017-03-14T18:28:19","date_gmt":"2017-03-14T17:28:19","guid":{"rendered":"https:\/\/beauty.fiapp.com\/fr\/shop\/swing-t07\/"},"modified":"2023-11-23T12:54:19","modified_gmt":"2023-11-23T11:54:19","slug":"swing-t07","status":"publish","type":"product","link":"https:\/\/fiapp.com\/fr\/swing-t07\/","title":{"rendered":"\u00c9l\u00e9gante table basse SWING T07 pour salons de beaut\u00e9"},"content":{"rendered":"","protected":false},"excerpt":{"rendered":"<h3>SWING T07<\/h3>\n<p>Petit table avec base ronde inox bross\u00e9 et plateau carr\u00e8 inox poli.<\/p>\n","protected":false},"featured_media":19539,"comment_status":"closed","ping_status":"closed","template":"","meta":{"_acf_changed":false},"product_cat":[553,545,332,330],"product_tag":[],"class_list":["post-20221","product","type-product","status-publish","has-post-thumbnail","hentry","product_cat-tables-spa-nails","product_cat-tables-de-coiffure","product_cat-tabourets-et-tables-coiffeur","product_cat-tabourets-et-tables-spa-nails"],"acf":[],"_links":{"self":[{"href":"https:\/\/fiapp.com\/fr\/wp-json\/wp\/v2\/product\/20221"}],"collection":[{"href":"https:\/\/fiapp.com\/fr\/wp-json\/wp\/v2\/product"}],"about":[{"href":"https:\/\/fiapp.com\/fr\/wp-json\/wp\/v2\/types\/product"}],"replies":[{"embeddable":true,"href":"https:\/\/fiapp.com\/fr\/wp-json\/wp\/v2\/comments?post=20221"}],"wp:featuredmedia":[{"embeddable":true,"href":"https:\/\/fiapp.com\/fr\/wp-json\/wp\/v2\/media\/19539"}],"wp:attachment":[{"href":"https:\/\/fiapp.com\/fr\/wp-json\/wp\/v2\/media?parent=20221"}],"wp:term":[{"taxonomy":"product_cat","embeddable":true,"href":"https:\/\/fiapp.com\/fr\/wp-json\/wp\/v2\/product_cat?post=20221"},{"taxonomy":"product_tag","embeddable":true,"href":"https:\/\/fiapp.com\/fr\/wp-json\/wp\/v2\/product_tag?post=20221"}],"curies":[{"name":"wp","href":"https:\/\/api.w.org\/{rel}","templated":true}]}}