{"id":20225,"date":"2017-03-14T18:25:47","date_gmt":"2017-03-14T17:25:47","guid":{"rendered":"https:\/\/beauty.fiapp.com\/fr\/shop\/harmony-t01-02-03-06\/"},"modified":"2023-11-23T10:51:12","modified_gmt":"2023-11-23T09:51:12","slug":"harmony-t01-02-03-06","status":"publish","type":"product","link":"https:\/\/fiapp.com\/fr\/harmony-t01-02-03-06\/","title":{"rendered":"S\u00e9rie de tables basses Harmony : design et fonctionnalit\u00e9 pour votre espace"},"content":{"rendered":"","protected":false},"excerpt":{"rendered":"<h3>HARMONY T01-02-03-06<\/h3>\n<p>Table avec structure inox bross\u00e9 et plateau plaqu\u00e9 en stratifi\u00e9 (diff\u00e9rentes versions disponibles).<\/p>\n","protected":false},"featured_media":19531,"comment_status":"closed","ping_status":"closed","template":"","meta":{"_acf_changed":false},"product_cat":[553,545,330,332],"product_tag":[],"class_list":["post-20225","product","type-product","status-publish","has-post-thumbnail","hentry","product_cat-tables-spa-nails","product_cat-tables-de-coiffure","product_cat-tabourets-et-tables-spa-nails","product_cat-tabourets-et-tables-coiffeur"],"acf":[],"_links":{"self":[{"href":"https:\/\/fiapp.com\/fr\/wp-json\/wp\/v2\/product\/20225"}],"collection":[{"href":"https:\/\/fiapp.com\/fr\/wp-json\/wp\/v2\/product"}],"about":[{"href":"https:\/\/fiapp.com\/fr\/wp-json\/wp\/v2\/types\/product"}],"replies":[{"embeddable":true,"href":"https:\/\/fiapp.com\/fr\/wp-json\/wp\/v2\/comments?post=20225"}],"wp:featuredmedia":[{"embeddable":true,"href":"https:\/\/fiapp.com\/fr\/wp-json\/wp\/v2\/media\/19531"}],"wp:attachment":[{"href":"https:\/\/fiapp.com\/fr\/wp-json\/wp\/v2\/media?parent=20225"}],"wp:term":[{"taxonomy":"product_cat","embeddable":true,"href":"https:\/\/fiapp.com\/fr\/wp-json\/wp\/v2\/product_cat?post=20225"},{"taxonomy":"product_tag","embeddable":true,"href":"https:\/\/fiapp.com\/fr\/wp-json\/wp\/v2\/product_tag?post=20225"}],"curies":[{"name":"wp","href":"https:\/\/api.w.org\/{rel}","templated":true}]}}