{"id":20229,"date":"2017-03-14T18:19:50","date_gmt":"2017-03-14T17:19:50","guid":{"rendered":"https:\/\/beauty.fiapp.com\/fr\/shop\/elite-1025\/"},"modified":"2023-11-22T12:58:17","modified_gmt":"2023-11-22T11:58:17","slug":"elite-1025","status":"publish","type":"product","link":"https:\/\/fiapp.com\/fr\/elite-1025\/","title":{"rendered":"Canap\u00e9 d&#8217;attente ELITE 1025 : \u00e9l\u00e9gance et confort pour votre salon"},"content":{"rendered":"","protected":false},"excerpt":{"rendered":"<h3>ELITE 1025<\/h3>\n<p>Canap\u00e9 d&#8217;attente avec dossier courbe et assise fa\u00e7onn\u00e9s, habillage en simil-cuir.<\/p>\n","protected":false},"featured_media":26712,"comment_status":"closed","ping_status":"closed","template":"","meta":{"_acf_changed":false},"product_cat":[548,537],"product_tag":[],"class_list":["post-20229","product","type-product","status-publish","has-post-thumbnail","hentry","product_cat-attente-spa-nails","product_cat-attente-coiffeur"],"acf":[],"_links":{"self":[{"href":"https:\/\/fiapp.com\/fr\/wp-json\/wp\/v2\/product\/20229"}],"collection":[{"href":"https:\/\/fiapp.com\/fr\/wp-json\/wp\/v2\/product"}],"about":[{"href":"https:\/\/fiapp.com\/fr\/wp-json\/wp\/v2\/types\/product"}],"replies":[{"embeddable":true,"href":"https:\/\/fiapp.com\/fr\/wp-json\/wp\/v2\/comments?post=20229"}],"wp:featuredmedia":[{"embeddable":true,"href":"https:\/\/fiapp.com\/fr\/wp-json\/wp\/v2\/media\/26712"}],"wp:attachment":[{"href":"https:\/\/fiapp.com\/fr\/wp-json\/wp\/v2\/media?parent=20229"}],"wp:term":[{"taxonomy":"product_cat","embeddable":true,"href":"https:\/\/fiapp.com\/fr\/wp-json\/wp\/v2\/product_cat?post=20229"},{"taxonomy":"product_tag","embeddable":true,"href":"https:\/\/fiapp.com\/fr\/wp-json\/wp\/v2\/product_tag?post=20229"}],"curies":[{"name":"wp","href":"https:\/\/api.w.org\/{rel}","templated":true}]}}