{"id":20233,"date":"2017-03-14T18:17:29","date_gmt":"2017-03-14T17:17:29","guid":{"rendered":"https:\/\/beauty.fiapp.com\/fr\/shop\/daniel-1024\/"},"modified":"2023-11-22T09:28:20","modified_gmt":"2023-11-22T08:28:20","slug":"daniel-1024","status":"publish","type":"product","link":"https:\/\/fiapp.com\/fr\/daniel-1024\/","title":{"rendered":"Confort raffin\u00e9 avec le canap\u00e9 d&#8217;attente DANIEL 1024"},"content":{"rendered":"","protected":false},"excerpt":{"rendered":"<h3>DANIEL 1024<\/h3>\n<p>Canap\u00e9 d&#8217;attente avec dossier et assise fa\u00e7onn\u00e9s, habillage en simil-cuir.<\/p>\n","protected":false},"featured_media":19511,"comment_status":"closed","ping_status":"closed","template":"","meta":{"_acf_changed":false},"product_cat":[537,548],"product_tag":[],"class_list":["post-20233","product","type-product","status-publish","has-post-thumbnail","hentry","product_cat-attente-coiffeur","product_cat-attente-spa-nails"],"acf":[],"_links":{"self":[{"href":"https:\/\/fiapp.com\/fr\/wp-json\/wp\/v2\/product\/20233"}],"collection":[{"href":"https:\/\/fiapp.com\/fr\/wp-json\/wp\/v2\/product"}],"about":[{"href":"https:\/\/fiapp.com\/fr\/wp-json\/wp\/v2\/types\/product"}],"replies":[{"embeddable":true,"href":"https:\/\/fiapp.com\/fr\/wp-json\/wp\/v2\/comments?post=20233"}],"wp:featuredmedia":[{"embeddable":true,"href":"https:\/\/fiapp.com\/fr\/wp-json\/wp\/v2\/media\/19511"}],"wp:attachment":[{"href":"https:\/\/fiapp.com\/fr\/wp-json\/wp\/v2\/media?parent=20233"}],"wp:term":[{"taxonomy":"product_cat","embeddable":true,"href":"https:\/\/fiapp.com\/fr\/wp-json\/wp\/v2\/product_cat?post=20233"},{"taxonomy":"product_tag","embeddable":true,"href":"https:\/\/fiapp.com\/fr\/wp-json\/wp\/v2\/product_tag?post=20233"}],"curies":[{"name":"wp","href":"https:\/\/api.w.org\/{rel}","templated":true}]}}