{"id":20249,"date":"2017-03-14T18:08:20","date_gmt":"2017-03-14T17:08:20","guid":{"rendered":"https:\/\/beauty.fiapp.com\/fr\/shop\/queen-88\/"},"modified":"2023-11-23T12:11:40","modified_gmt":"2023-11-23T11:11:40","slug":"queen-88","status":"publish","type":"product","link":"https:\/\/fiapp.com\/fr\/queen-88\/","title":{"rendered":"Canap\u00e9 \u00e9l\u00e9gant QUEEN 88 pour zone d&#8217;attente de salon"},"content":{"rendered":"","protected":false},"excerpt":{"rendered":"<h3>QUEEN 88<\/h3>\n<p>Canap\u00e9 d&#8217;attente lin\u00e9aire, habillage en simil-cuir capitonn\u00e9, pieds en bois verni.<\/p>\n","protected":false},"featured_media":19489,"comment_status":"closed","ping_status":"closed","template":"","meta":{"_acf_changed":false},"product_cat":[537,548],"product_tag":[],"class_list":["post-20249","product","type-product","status-publish","has-post-thumbnail","hentry","product_cat-attente-coiffeur","product_cat-attente-spa-nails"],"acf":[],"_links":{"self":[{"href":"https:\/\/fiapp.com\/fr\/wp-json\/wp\/v2\/product\/20249"}],"collection":[{"href":"https:\/\/fiapp.com\/fr\/wp-json\/wp\/v2\/product"}],"about":[{"href":"https:\/\/fiapp.com\/fr\/wp-json\/wp\/v2\/types\/product"}],"replies":[{"embeddable":true,"href":"https:\/\/fiapp.com\/fr\/wp-json\/wp\/v2\/comments?post=20249"}],"wp:featuredmedia":[{"embeddable":true,"href":"https:\/\/fiapp.com\/fr\/wp-json\/wp\/v2\/media\/19489"}],"wp:attachment":[{"href":"https:\/\/fiapp.com\/fr\/wp-json\/wp\/v2\/media?parent=20249"}],"wp:term":[{"taxonomy":"product_cat","embeddable":true,"href":"https:\/\/fiapp.com\/fr\/wp-json\/wp\/v2\/product_cat?post=20249"},{"taxonomy":"product_tag","embeddable":true,"href":"https:\/\/fiapp.com\/fr\/wp-json\/wp\/v2\/product_tag?post=20249"}],"curies":[{"name":"wp","href":"https:\/\/api.w.org\/{rel}","templated":true}]}}