{"id":20253,"date":"2017-03-14T18:06:04","date_gmt":"2017-03-14T17:06:04","guid":{"rendered":"https:\/\/beauty.fiapp.com\/fr\/shop\/diablo-1019\/"},"modified":"2023-11-22T09:32:22","modified_gmt":"2023-11-22T08:32:22","slug":"diablo-1019","status":"publish","type":"product","link":"https:\/\/fiapp.com\/fr\/diablo-1019\/","title":{"rendered":"Pouf d&#8217;attente DIABLO 1019 : confort et style pour votre salon"},"content":{"rendered":"","protected":false},"excerpt":{"rendered":"<h3>DIABLO 1019<\/h3>\n<p>Canap\u00e9 d&#8217;attente, habillage en simil-cuir, socle plaqu\u00e9 en stratifi\u00e9. Modulaire avec 1019, 1019A, 1019B, 1019E sx, 1019E dx.<\/p>\n","protected":false},"featured_media":26655,"comment_status":"closed","ping_status":"closed","template":"","meta":{"_acf_changed":false},"product_cat":[537,548],"product_tag":[],"class_list":["post-20253","product","type-product","status-publish","has-post-thumbnail","hentry","product_cat-attente-coiffeur","product_cat-attente-spa-nails"],"acf":[],"_links":{"self":[{"href":"https:\/\/fiapp.com\/fr\/wp-json\/wp\/v2\/product\/20253"}],"collection":[{"href":"https:\/\/fiapp.com\/fr\/wp-json\/wp\/v2\/product"}],"about":[{"href":"https:\/\/fiapp.com\/fr\/wp-json\/wp\/v2\/types\/product"}],"replies":[{"embeddable":true,"href":"https:\/\/fiapp.com\/fr\/wp-json\/wp\/v2\/comments?post=20253"}],"wp:featuredmedia":[{"embeddable":true,"href":"https:\/\/fiapp.com\/fr\/wp-json\/wp\/v2\/media\/26655"}],"wp:attachment":[{"href":"https:\/\/fiapp.com\/fr\/wp-json\/wp\/v2\/media?parent=20253"}],"wp:term":[{"taxonomy":"product_cat","embeddable":true,"href":"https:\/\/fiapp.com\/fr\/wp-json\/wp\/v2\/product_cat?post=20253"},{"taxonomy":"product_tag","embeddable":true,"href":"https:\/\/fiapp.com\/fr\/wp-json\/wp\/v2\/product_tag?post=20253"}],"curies":[{"name":"wp","href":"https:\/\/api.w.org\/{rel}","templated":true}]}}