{"id":20281,"date":"2017-03-14T17:43:44","date_gmt":"2017-03-14T16:43:44","guid":{"rendered":"https:\/\/beauty.fiapp.com\/fr\/shop\/world-876\/"},"modified":"2023-11-23T14:30:52","modified_gmt":"2023-11-23T13:30:52","slug":"world-876","status":"publish","type":"product","link":"https:\/\/fiapp.com\/fr\/world-876\/","title":{"rendered":"Mobile Cassa World 876 : Fonctionnalit\u00e9 et Design"},"content":{"rendered":"","protected":false},"excerpt":{"rendered":"<h3>WORLD 876<\/h3>\n<p>Meuble caisse, 2 portes, int\u00e9rieur cour d&#8217;\u00e9tag\u00e8res, 2 tiroirs, compartiment ouvert avec \u00e9tag\u00e8re; fa\u00e7ade, tablette repose-sac et cot\u00e8s en Corian.<\/p>\n","protected":false},"featured_media":19445,"comment_status":"closed","ping_status":"closed","template":"","meta":{"_acf_changed":false},"product_cat":[538,549],"product_tag":[],"class_list":["post-20281","product","type-product","status-publish","has-post-thumbnail","hentry","product_cat-meubles-caisse-coiffeur","product_cat-meubles-caisse-spa-nails"],"acf":[],"_links":{"self":[{"href":"https:\/\/fiapp.com\/fr\/wp-json\/wp\/v2\/product\/20281"}],"collection":[{"href":"https:\/\/fiapp.com\/fr\/wp-json\/wp\/v2\/product"}],"about":[{"href":"https:\/\/fiapp.com\/fr\/wp-json\/wp\/v2\/types\/product"}],"replies":[{"embeddable":true,"href":"https:\/\/fiapp.com\/fr\/wp-json\/wp\/v2\/comments?post=20281"}],"wp:featuredmedia":[{"embeddable":true,"href":"https:\/\/fiapp.com\/fr\/wp-json\/wp\/v2\/media\/19445"}],"wp:attachment":[{"href":"https:\/\/fiapp.com\/fr\/wp-json\/wp\/v2\/media?parent=20281"}],"wp:term":[{"taxonomy":"product_cat","embeddable":true,"href":"https:\/\/fiapp.com\/fr\/wp-json\/wp\/v2\/product_cat?post=20281"},{"taxonomy":"product_tag","embeddable":true,"href":"https:\/\/fiapp.com\/fr\/wp-json\/wp\/v2\/product_tag?post=20281"}],"curies":[{"name":"wp","href":"https:\/\/api.w.org\/{rel}","templated":true}]}}