{"id":20285,"date":"2017-03-14T17:41:39","date_gmt":"2017-03-14T16:41:39","guid":{"rendered":"https:\/\/beauty.fiapp.com\/fr\/shop\/design-875\/"},"modified":"2023-11-22T09:29:03","modified_gmt":"2023-11-22T08:29:03","slug":"design-875","status":"publish","type":"product","link":"https:\/\/fiapp.com\/fr\/design-875\/","title":{"rendered":"Point de caisse lumineux et \u00e9l\u00e9gant avec DESIGN 875H"},"content":{"rendered":"","protected":false},"excerpt":{"rendered":"<h3>DESIGN 875<\/h3>\n<p>Meuble caisse, 2 portes, int\u00e9rieur cour d&#8217;\u00e9tag\u00e8res, 2 tiroirs, compartiment ouvert avec \u00e9tag\u00e8re; fa\u00e7ade r\u00e9tro-\u00e9clair\u00e9, tablette repose-sac et cot\u00e8s en Corian.<\/p>\n","protected":false},"featured_media":19439,"comment_status":"closed","ping_status":"closed","template":"","meta":{"_acf_changed":false},"product_cat":[549,538],"product_tag":[],"class_list":["post-20285","product","type-product","status-publish","has-post-thumbnail","hentry","product_cat-meubles-caisse-spa-nails","product_cat-meubles-caisse-coiffeur"],"acf":[],"_links":{"self":[{"href":"https:\/\/fiapp.com\/fr\/wp-json\/wp\/v2\/product\/20285"}],"collection":[{"href":"https:\/\/fiapp.com\/fr\/wp-json\/wp\/v2\/product"}],"about":[{"href":"https:\/\/fiapp.com\/fr\/wp-json\/wp\/v2\/types\/product"}],"replies":[{"embeddable":true,"href":"https:\/\/fiapp.com\/fr\/wp-json\/wp\/v2\/comments?post=20285"}],"wp:featuredmedia":[{"embeddable":true,"href":"https:\/\/fiapp.com\/fr\/wp-json\/wp\/v2\/media\/19439"}],"wp:attachment":[{"href":"https:\/\/fiapp.com\/fr\/wp-json\/wp\/v2\/media?parent=20285"}],"wp:term":[{"taxonomy":"product_cat","embeddable":true,"href":"https:\/\/fiapp.com\/fr\/wp-json\/wp\/v2\/product_cat?post=20285"},{"taxonomy":"product_tag","embeddable":true,"href":"https:\/\/fiapp.com\/fr\/wp-json\/wp\/v2\/product_tag?post=20285"}],"curies":[{"name":"wp","href":"https:\/\/api.w.org\/{rel}","templated":true}]}}