{"id":20289,"date":"2017-03-14T17:38:26","date_gmt":"2017-03-14T16:38:26","guid":{"rendered":"https:\/\/beauty.fiapp.com\/fr\/shop\/chic-872\/"},"modified":"2023-11-22T09:18:27","modified_gmt":"2023-11-22T08:18:27","slug":"chic-872","status":"publish","type":"product","link":"https:\/\/fiapp.com\/fr\/chic-872\/","title":{"rendered":"\u00c9l\u00e9gance et fonctionnalit\u00e9 dans la caisse de caisse CHIC 872"},"content":{"rendered":"","protected":false},"excerpt":{"rendered":"<h3>CHIC 872<\/h3>\n<p>Comptoir caisse avec fa\u00e7ade \u00e0 lattes, 3 portes, int\u00e9rieur cour d&#8217;\u00e9tag\u00e8res r\u00e9glables, plan de travail H 21 cm.<\/p>\n","protected":false},"featured_media":19431,"comment_status":"closed","ping_status":"closed","template":"","meta":{"_acf_changed":false},"product_cat":[538,549],"product_tag":[],"class_list":["post-20289","product","type-product","status-publish","has-post-thumbnail","hentry","product_cat-meubles-caisse-coiffeur","product_cat-meubles-caisse-spa-nails"],"acf":[],"_links":{"self":[{"href":"https:\/\/fiapp.com\/fr\/wp-json\/wp\/v2\/product\/20289"}],"collection":[{"href":"https:\/\/fiapp.com\/fr\/wp-json\/wp\/v2\/product"}],"about":[{"href":"https:\/\/fiapp.com\/fr\/wp-json\/wp\/v2\/types\/product"}],"replies":[{"embeddable":true,"href":"https:\/\/fiapp.com\/fr\/wp-json\/wp\/v2\/comments?post=20289"}],"wp:featuredmedia":[{"embeddable":true,"href":"https:\/\/fiapp.com\/fr\/wp-json\/wp\/v2\/media\/19431"}],"wp:attachment":[{"href":"https:\/\/fiapp.com\/fr\/wp-json\/wp\/v2\/media?parent=20289"}],"wp:term":[{"taxonomy":"product_cat","embeddable":true,"href":"https:\/\/fiapp.com\/fr\/wp-json\/wp\/v2\/product_cat?post=20289"},{"taxonomy":"product_tag","embeddable":true,"href":"https:\/\/fiapp.com\/fr\/wp-json\/wp\/v2\/product_tag?post=20289"}],"curies":[{"name":"wp","href":"https:\/\/api.w.org\/{rel}","templated":true}]}}