{"id":20297,"date":"2017-03-14T17:28:09","date_gmt":"2017-03-14T16:28:09","guid":{"rendered":"https:\/\/beauty.fiapp.com\/fr\/shop\/space-869\/"},"modified":"2023-11-23T12:45:43","modified_gmt":"2023-11-23T11:45:43","slug":"space-869","status":"publish","type":"product","link":"https:\/\/fiapp.com\/fr\/space-869\/","title":{"rendered":"Comptoir-caisse moderne Space 869 pour salons de beaut\u00e9"},"content":{"rendered":"","protected":false},"excerpt":{"rendered":"<h3>SPACE 869<\/h3>\n<p>Comptoir caisse avec fa\u00e7ade courbe, 2 tiroirs, porte, int\u00e9rieur cour d&#8217;\u00e9tag\u00e8res r\u00e9glables et compartiment ouvert avec \u00e9tag\u00e8re.<\/p>\n","protected":false},"featured_media":19415,"comment_status":"closed","ping_status":"closed","template":"","meta":{"_acf_changed":false},"product_cat":[538,549],"product_tag":[],"class_list":["post-20297","product","type-product","status-publish","has-post-thumbnail","hentry","product_cat-meubles-caisse-coiffeur","product_cat-meubles-caisse-spa-nails"],"acf":[],"_links":{"self":[{"href":"https:\/\/fiapp.com\/fr\/wp-json\/wp\/v2\/product\/20297"}],"collection":[{"href":"https:\/\/fiapp.com\/fr\/wp-json\/wp\/v2\/product"}],"about":[{"href":"https:\/\/fiapp.com\/fr\/wp-json\/wp\/v2\/types\/product"}],"replies":[{"embeddable":true,"href":"https:\/\/fiapp.com\/fr\/wp-json\/wp\/v2\/comments?post=20297"}],"wp:featuredmedia":[{"embeddable":true,"href":"https:\/\/fiapp.com\/fr\/wp-json\/wp\/v2\/media\/19415"}],"wp:attachment":[{"href":"https:\/\/fiapp.com\/fr\/wp-json\/wp\/v2\/media?parent=20297"}],"wp:term":[{"taxonomy":"product_cat","embeddable":true,"href":"https:\/\/fiapp.com\/fr\/wp-json\/wp\/v2\/product_cat?post=20297"},{"taxonomy":"product_tag","embeddable":true,"href":"https:\/\/fiapp.com\/fr\/wp-json\/wp\/v2\/product_tag?post=20297"}],"curies":[{"name":"wp","href":"https:\/\/api.w.org\/{rel}","templated":true}]}}