{"id":20301,"date":"2017-03-14T17:25:51","date_gmt":"2017-03-14T16:25:51","guid":{"rendered":"https:\/\/beauty.fiapp.com\/fr\/shop\/curved-849\/"},"modified":"2023-11-22T09:26:19","modified_gmt":"2023-11-22T08:26:19","slug":"curved-849","status":"publish","type":"product","link":"https:\/\/fiapp.com\/fr\/curved-849\/","title":{"rendered":"Accueil styl\u00e9 avec la caisse de caisse CURVED 849"},"content":{"rendered":"","protected":false},"excerpt":{"rendered":"<h3>CURVED 849<\/h3>\n<p>Comptoir caisse avec fa\u00e7ade courbe en plexi r\u00e9tro-\u00e9clair\u00e9, 2 tiroirs, porte, int\u00e9rieur cour d&#8217;\u00e9tag\u00e8res r\u00e9glables et compartiment ouvert avec \u00e9tag\u00e8re.<\/p>\n","protected":false},"featured_media":19407,"comment_status":"closed","ping_status":"closed","template":"","meta":{"_acf_changed":false},"product_cat":[538,549],"product_tag":[],"class_list":["post-20301","product","type-product","status-publish","has-post-thumbnail","hentry","product_cat-meubles-caisse-coiffeur","product_cat-meubles-caisse-spa-nails"],"acf":[],"_links":{"self":[{"href":"https:\/\/fiapp.com\/fr\/wp-json\/wp\/v2\/product\/20301"}],"collection":[{"href":"https:\/\/fiapp.com\/fr\/wp-json\/wp\/v2\/product"}],"about":[{"href":"https:\/\/fiapp.com\/fr\/wp-json\/wp\/v2\/types\/product"}],"replies":[{"embeddable":true,"href":"https:\/\/fiapp.com\/fr\/wp-json\/wp\/v2\/comments?post=20301"}],"wp:featuredmedia":[{"embeddable":true,"href":"https:\/\/fiapp.com\/fr\/wp-json\/wp\/v2\/media\/19407"}],"wp:attachment":[{"href":"https:\/\/fiapp.com\/fr\/wp-json\/wp\/v2\/media?parent=20301"}],"wp:term":[{"taxonomy":"product_cat","embeddable":true,"href":"https:\/\/fiapp.com\/fr\/wp-json\/wp\/v2\/product_cat?post=20301"},{"taxonomy":"product_tag","embeddable":true,"href":"https:\/\/fiapp.com\/fr\/wp-json\/wp\/v2\/product_tag?post=20301"}],"curies":[{"name":"wp","href":"https:\/\/api.w.org\/{rel}","templated":true}]}}