{"id":20329,"date":"2017-03-14T17:08:32","date_gmt":"2017-03-14T16:08:32","guid":{"rendered":"https:\/\/beauty.fiapp.com\/fr\/shop\/versailles-828\/"},"modified":"2023-11-23T14:16:13","modified_gmt":"2023-11-23T13:16:13","slug":"versailles-828","status":"publish","type":"product","link":"https:\/\/fiapp.com\/fr\/versailles-828\/","title":{"rendered":"R\u00e9ception chic avec caisse Versailles 828"},"content":{"rendered":"","protected":false},"excerpt":{"rendered":"<h3>VERSAILLES 828<\/h3>\n<p>Comptoir caisse laqu\u00e9, 2 tiroirs et compartiment ouvert avec \u00e9tag\u00e8re.<\/p>\n","protected":false},"featured_media":19367,"comment_status":"closed","ping_status":"closed","template":"","meta":{"_acf_changed":false},"product_cat":[538,549],"product_tag":[],"class_list":["post-20329","product","type-product","status-publish","has-post-thumbnail","hentry","product_cat-meubles-caisse-coiffeur","product_cat-meubles-caisse-spa-nails"],"acf":[],"_links":{"self":[{"href":"https:\/\/fiapp.com\/fr\/wp-json\/wp\/v2\/product\/20329"}],"collection":[{"href":"https:\/\/fiapp.com\/fr\/wp-json\/wp\/v2\/product"}],"about":[{"href":"https:\/\/fiapp.com\/fr\/wp-json\/wp\/v2\/types\/product"}],"replies":[{"embeddable":true,"href":"https:\/\/fiapp.com\/fr\/wp-json\/wp\/v2\/comments?post=20329"}],"wp:featuredmedia":[{"embeddable":true,"href":"https:\/\/fiapp.com\/fr\/wp-json\/wp\/v2\/media\/19367"}],"wp:attachment":[{"href":"https:\/\/fiapp.com\/fr\/wp-json\/wp\/v2\/media?parent=20329"}],"wp:term":[{"taxonomy":"product_cat","embeddable":true,"href":"https:\/\/fiapp.com\/fr\/wp-json\/wp\/v2\/product_cat?post=20329"},{"taxonomy":"product_tag","embeddable":true,"href":"https:\/\/fiapp.com\/fr\/wp-json\/wp\/v2\/product_tag?post=20329"}],"curies":[{"name":"wp","href":"https:\/\/api.w.org\/{rel}","templated":true}]}}