{"id":20337,"date":"2017-03-14T17:03:57","date_gmt":"2017-03-14T16:03:57","guid":{"rendered":"https:\/\/beauty.fiapp.com\/fr\/shop\/trocadero-826\/"},"modified":"2023-11-23T14:06:54","modified_gmt":"2023-11-23T13:06:54","slug":"trocadero-826","status":"publish","type":"product","link":"https:\/\/fiapp.com\/fr\/trocadero-826\/","title":{"rendered":"\u00c9l\u00e9gante caisse de caisse Trocadero 826 pour une r\u00e9ception chic"},"content":{"rendered":"","protected":false},"excerpt":{"rendered":"<h3>TROCADERO 826<\/h3>\n<p>Comptoir caisse, tiroir, porte, int\u00e9rieur cour d&#8217; \u00e9tag\u00e8res r\u00e9glables, compartiment ouvert avec \u00e9tag\u00e8re, \u00e9l\u00e9ment pour sac sur la fa\u00e7ade.<\/p>\n","protected":false},"featured_media":19355,"comment_status":"closed","ping_status":"closed","template":"","meta":{"_acf_changed":false},"product_cat":[538,549],"product_tag":[],"class_list":["post-20337","product","type-product","status-publish","has-post-thumbnail","hentry","product_cat-meubles-caisse-coiffeur","product_cat-meubles-caisse-spa-nails"],"acf":[],"_links":{"self":[{"href":"https:\/\/fiapp.com\/fr\/wp-json\/wp\/v2\/product\/20337"}],"collection":[{"href":"https:\/\/fiapp.com\/fr\/wp-json\/wp\/v2\/product"}],"about":[{"href":"https:\/\/fiapp.com\/fr\/wp-json\/wp\/v2\/types\/product"}],"replies":[{"embeddable":true,"href":"https:\/\/fiapp.com\/fr\/wp-json\/wp\/v2\/comments?post=20337"}],"wp:featuredmedia":[{"embeddable":true,"href":"https:\/\/fiapp.com\/fr\/wp-json\/wp\/v2\/media\/19355"}],"wp:attachment":[{"href":"https:\/\/fiapp.com\/fr\/wp-json\/wp\/v2\/media?parent=20337"}],"wp:term":[{"taxonomy":"product_cat","embeddable":true,"href":"https:\/\/fiapp.com\/fr\/wp-json\/wp\/v2\/product_cat?post=20337"},{"taxonomy":"product_tag","embeddable":true,"href":"https:\/\/fiapp.com\/fr\/wp-json\/wp\/v2\/product_tag?post=20337"}],"curies":[{"name":"wp","href":"https:\/\/api.w.org\/{rel}","templated":true}]}}