{"id":20345,"date":"2017-03-14T16:56:45","date_gmt":"2017-03-14T15:56:45","guid":{"rendered":"https:\/\/beauty.fiapp.com\/fr\/shop\/ambra-1022m-wu\/"},"modified":"2023-11-24T11:44:38","modified_gmt":"2023-11-24T10:44:38","slug":"ambra-1022m-wu","status":"publish","type":"product","link":"https:\/\/fiapp.com\/fr\/ambra-1022m-wu\/","title":{"rendered":"Exp\u00e9rience de lavage avanc\u00e9e avec AMBRA 1022M WU pour les coiffeurs"},"content":{"rendered":"","protected":false},"excerpt":{"rendered":"<h3>AMBRA 1022M-WU<\/h3>\n<p>Bac pour coiffeur avec colonne en t\u00f4le galvanis\u00e9e peinte, vasque en c\u00e9ramique inclinable art. 210, mitigeur et douchette chrom\u00e9s. Fauteuil habillage en simil-cuir. Option: paire d&#8217; accoudoirs chrom\u00e9s.<\/p>\n","protected":false},"featured_media":26703,"comment_status":"closed","ping_status":"closed","template":"","meta":{"_acf_changed":false},"product_cat":[326],"product_tag":[],"class_list":["post-20345","product","type-product","status-publish","has-post-thumbnail","hentry","product_cat-bacs-coiffeur"],"acf":[],"_links":{"self":[{"href":"https:\/\/fiapp.com\/fr\/wp-json\/wp\/v2\/product\/20345"}],"collection":[{"href":"https:\/\/fiapp.com\/fr\/wp-json\/wp\/v2\/product"}],"about":[{"href":"https:\/\/fiapp.com\/fr\/wp-json\/wp\/v2\/types\/product"}],"replies":[{"embeddable":true,"href":"https:\/\/fiapp.com\/fr\/wp-json\/wp\/v2\/comments?post=20345"}],"wp:featuredmedia":[{"embeddable":true,"href":"https:\/\/fiapp.com\/fr\/wp-json\/wp\/v2\/media\/26703"}],"wp:attachment":[{"href":"https:\/\/fiapp.com\/fr\/wp-json\/wp\/v2\/media?parent=20345"}],"wp:term":[{"taxonomy":"product_cat","embeddable":true,"href":"https:\/\/fiapp.com\/fr\/wp-json\/wp\/v2\/product_cat?post=20345"},{"taxonomy":"product_tag","embeddable":true,"href":"https:\/\/fiapp.com\/fr\/wp-json\/wp\/v2\/product_tag?post=20345"}],"curies":[{"name":"wp","href":"https:\/\/api.w.org\/{rel}","templated":true}]}}