{"id":20349,"date":"2017-03-14T16:53:30","date_gmt":"2017-03-14T15:53:30","guid":{"rendered":"https:\/\/beauty.fiapp.com\/fr\/shop\/prysma-1021wu\/"},"modified":"2023-11-23T12:10:54","modified_gmt":"2023-11-23T11:10:54","slug":"prysma-1021-wu-2p","status":"publish","type":"product","link":"https:\/\/fiapp.com\/fr\/prysma-1021-wu-2p\/","title":{"rendered":"Station de lavage double PRYSMA pour salons modernes"},"content":{"rendered":"","protected":false},"excerpt":{"rendered":"<h3>PRYSMA 1021 WU 2P<\/h3>\n<p>Bac pour coiffeur \u00e0 2 postes, habillage canap\u00e9 en simil-cuir, meuble de service en m\u00e9lamin\u00e9 hydro avec plan en bois marin revetu inox bross\u00e9, 2 vasques en c\u00e9ramique inclinables art. 210, mitigeurs et douchettes chrom\u00e9s (disponibile version \u00e0 3 postes).<\/p>\n","protected":false},"featured_media":19323,"comment_status":"closed","ping_status":"closed","template":"","meta":{"_acf_changed":false},"product_cat":[326],"product_tag":[],"class_list":["post-20349","product","type-product","status-publish","has-post-thumbnail","hentry","product_cat-bacs-coiffeur"],"acf":[],"_links":{"self":[{"href":"https:\/\/fiapp.com\/fr\/wp-json\/wp\/v2\/product\/20349"}],"collection":[{"href":"https:\/\/fiapp.com\/fr\/wp-json\/wp\/v2\/product"}],"about":[{"href":"https:\/\/fiapp.com\/fr\/wp-json\/wp\/v2\/types\/product"}],"replies":[{"embeddable":true,"href":"https:\/\/fiapp.com\/fr\/wp-json\/wp\/v2\/comments?post=20349"}],"wp:featuredmedia":[{"embeddable":true,"href":"https:\/\/fiapp.com\/fr\/wp-json\/wp\/v2\/media\/19323"}],"wp:attachment":[{"href":"https:\/\/fiapp.com\/fr\/wp-json\/wp\/v2\/media?parent=20349"}],"wp:term":[{"taxonomy":"product_cat","embeddable":true,"href":"https:\/\/fiapp.com\/fr\/wp-json\/wp\/v2\/product_cat?post=20349"},{"taxonomy":"product_tag","embeddable":true,"href":"https:\/\/fiapp.com\/fr\/wp-json\/wp\/v2\/product_tag?post=20349"}],"curies":[{"name":"wp","href":"https:\/\/api.w.org\/{rel}","templated":true}]}}