{"id":20353,"date":"2017-03-14T16:50:17","date_gmt":"2017-03-14T15:50:17","guid":{"rendered":"https:\/\/beauty.fiapp.com\/fr\/shop\/diablo-1019wu\/"},"modified":"2023-11-22T09:38:10","modified_gmt":"2023-11-22T08:38:10","slug":"diablo-1019c-wu-2p","status":"publish","type":"product","link":"https:\/\/fiapp.com\/fr\/diablo-1019c-wu-2p\/","title":{"rendered":"Canap\u00e9 d&#8217;attente lin\u00e9aire &#8216;DIABLO 1019D&#8217; &#8211; Confort et style"},"content":{"rendered":"","protected":false},"excerpt":{"rendered":"<h3>DIABLO 1019C WU 2P<\/h3>\n<p>Bac pour coiffeur \u00e0 2 postes, canap\u00e9 courbe habillage en simil-cuir, 2 colonnes inox bross\u00e9, 2 vasques en c\u00e9ramique inclinables art. 210, mitigeurs et douchettes chrom\u00e9s (disponibile version \u00e0 3 postes).<\/p>\n","protected":false},"featured_media":26694,"comment_status":"closed","ping_status":"closed","template":"","meta":{"_acf_changed":false},"product_cat":[326],"product_tag":[],"class_list":["post-20353","product","type-product","status-publish","has-post-thumbnail","hentry","product_cat-bacs-coiffeur"],"acf":[],"_links":{"self":[{"href":"https:\/\/fiapp.com\/fr\/wp-json\/wp\/v2\/product\/20353"}],"collection":[{"href":"https:\/\/fiapp.com\/fr\/wp-json\/wp\/v2\/product"}],"about":[{"href":"https:\/\/fiapp.com\/fr\/wp-json\/wp\/v2\/types\/product"}],"replies":[{"embeddable":true,"href":"https:\/\/fiapp.com\/fr\/wp-json\/wp\/v2\/comments?post=20353"}],"wp:featuredmedia":[{"embeddable":true,"href":"https:\/\/fiapp.com\/fr\/wp-json\/wp\/v2\/media\/26694"}],"wp:attachment":[{"href":"https:\/\/fiapp.com\/fr\/wp-json\/wp\/v2\/media?parent=20353"}],"wp:term":[{"taxonomy":"product_cat","embeddable":true,"href":"https:\/\/fiapp.com\/fr\/wp-json\/wp\/v2\/product_cat?post=20353"},{"taxonomy":"product_tag","embeddable":true,"href":"https:\/\/fiapp.com\/fr\/wp-json\/wp\/v2\/product_tag?post=20353"}],"curies":[{"name":"wp","href":"https:\/\/api.w.org\/{rel}","templated":true}]}}