{"id":20359,"date":"2017-03-14T16:42:51","date_gmt":"2017-03-14T15:42:51","guid":{"rendered":"https:\/\/beauty.fiapp.com\/fr\/shop\/godiva-1016clm\/"},"modified":"2023-11-22T13:06:50","modified_gmt":"2023-11-22T12:06:50","slug":"godiva-1016-clm-wu-2","status":"publish","type":"product","link":"https:\/\/fiapp.com\/fr\/godiva-1016-clm-wu-2\/","title":{"rendered":"Meuble de Lavage Coiffure GODIVA \u00c9l\u00e9gance et Confort"},"content":{"rendered":"","protected":false},"excerpt":{"rendered":"<h3>GODIVA 1016 CLM WU<\/h3>\n<p>Bac de\u00a0shampooing pour coiffeur avec colonne de lavage en\u00a0t\u00f4les galvanis\u00e9es et peint noir, lave-t\u00eate basculant art. 210 en c\u00e9ramique couleur blanc,\u00a0m\u00e9langeur\u00a0chrom\u00e9 et habillage fauteuil en skay standard (accoudoirs exclus)<\/p>\n","protected":false},"featured_media":26661,"comment_status":"closed","ping_status":"closed","template":"","meta":{"_acf_changed":false},"product_cat":[326],"product_tag":[],"class_list":["post-20359","product","type-product","status-publish","has-post-thumbnail","hentry","product_cat-bacs-coiffeur"],"acf":[],"_links":{"self":[{"href":"https:\/\/fiapp.com\/fr\/wp-json\/wp\/v2\/product\/20359"}],"collection":[{"href":"https:\/\/fiapp.com\/fr\/wp-json\/wp\/v2\/product"}],"about":[{"href":"https:\/\/fiapp.com\/fr\/wp-json\/wp\/v2\/types\/product"}],"replies":[{"embeddable":true,"href":"https:\/\/fiapp.com\/fr\/wp-json\/wp\/v2\/comments?post=20359"}],"wp:featuredmedia":[{"embeddable":true,"href":"https:\/\/fiapp.com\/fr\/wp-json\/wp\/v2\/media\/26661"}],"wp:attachment":[{"href":"https:\/\/fiapp.com\/fr\/wp-json\/wp\/v2\/media?parent=20359"}],"wp:term":[{"taxonomy":"product_cat","embeddable":true,"href":"https:\/\/fiapp.com\/fr\/wp-json\/wp\/v2\/product_cat?post=20359"},{"taxonomy":"product_tag","embeddable":true,"href":"https:\/\/fiapp.com\/fr\/wp-json\/wp\/v2\/product_tag?post=20359"}],"curies":[{"name":"wp","href":"https:\/\/api.w.org\/{rel}","templated":true}]}}