{"id":20365,"date":"2017-03-14T16:37:02","date_gmt":"2017-03-14T15:37:02","guid":{"rendered":"https:\/\/beauty.fiapp.com\/fr\/shop\/godiva-1016cl\/"},"modified":"2023-11-22T13:04:08","modified_gmt":"2023-11-22T12:04:08","slug":"godiva-1016-cl-wu","status":"publish","type":"product","link":"https:\/\/fiapp.com\/fr\/godiva-1016-cl-wu\/","title":{"rendered":"GODIVA 1016 CL WU : Luxe et confort dans le meuble de lavage"},"content":{"rendered":"","protected":false},"excerpt":{"rendered":"<h3>GODIVA 1016 CL WU<\/h3>\n<p>Bac pour coiffeur avec colonne inox bross\u00e9, vasque en c\u00e9ramique inclinable art. 210, mitigeur et douchette chrom\u00e9s. Chaise longue habillage en simil-cuir. Option: paire d&#8217; accoudoirs inox bross\u00e9.<\/p>\n","protected":false},"featured_media":19257,"comment_status":"closed","ping_status":"closed","template":"","meta":{"_acf_changed":false},"product_cat":[326],"product_tag":[],"class_list":["post-20365","product","type-product","status-publish","has-post-thumbnail","hentry","product_cat-bacs-coiffeur"],"acf":[],"_links":{"self":[{"href":"https:\/\/fiapp.com\/fr\/wp-json\/wp\/v2\/product\/20365"}],"collection":[{"href":"https:\/\/fiapp.com\/fr\/wp-json\/wp\/v2\/product"}],"about":[{"href":"https:\/\/fiapp.com\/fr\/wp-json\/wp\/v2\/types\/product"}],"replies":[{"embeddable":true,"href":"https:\/\/fiapp.com\/fr\/wp-json\/wp\/v2\/comments?post=20365"}],"wp:featuredmedia":[{"embeddable":true,"href":"https:\/\/fiapp.com\/fr\/wp-json\/wp\/v2\/media\/19257"}],"wp:attachment":[{"href":"https:\/\/fiapp.com\/fr\/wp-json\/wp\/v2\/media?parent=20365"}],"wp:term":[{"taxonomy":"product_cat","embeddable":true,"href":"https:\/\/fiapp.com\/fr\/wp-json\/wp\/v2\/product_cat?post=20365"},{"taxonomy":"product_tag","embeddable":true,"href":"https:\/\/fiapp.com\/fr\/wp-json\/wp\/v2\/product_tag?post=20365"}],"curies":[{"name":"wp","href":"https:\/\/api.w.org\/{rel}","templated":true}]}}