{"id":20371,"date":"2017-03-14T16:25:18","date_gmt":"2017-03-14T15:25:18","guid":{"rendered":"https:\/\/beauty.fiapp.com\/fr\/shop\/style-464\/"},"modified":"2023-11-28T10:36:54","modified_gmt":"2023-11-28T09:36:54","slug":"style-464","status":"publish","type":"product","link":"https:\/\/fiapp.com\/fr\/style-464\/","title":{"rendered":"Station de coiffure STYLE 464 : design et fonctionnalit\u00e9s avanc\u00e9es"},"content":{"rendered":"","protected":false},"excerpt":{"rendered":"<h3>STYLE 464<\/h3>\n<p>Place de travail \u00e0 paroi pour coiffeur, structure inox bross\u00e9 avec repose-pieds int\u00e9gr\u00e9, plan de travail en Corian blanc, miroir \u00e0 paroi avec cadre inox bross\u00e9 et bandes sabl\u00e9es r\u00e9tro-\u00e9clair\u00e8es.<\/p>\n","protected":false},"featured_media":26676,"comment_status":"closed","ping_status":"closed","template":"","meta":{"_acf_changed":false},"product_cat":[328],"product_tag":[],"class_list":["post-20371","product","type-product","status-publish","has-post-thumbnail","hentry","product_cat-places-coiffage-coiffeur"],"acf":[],"_links":{"self":[{"href":"https:\/\/fiapp.com\/fr\/wp-json\/wp\/v2\/product\/20371"}],"collection":[{"href":"https:\/\/fiapp.com\/fr\/wp-json\/wp\/v2\/product"}],"about":[{"href":"https:\/\/fiapp.com\/fr\/wp-json\/wp\/v2\/types\/product"}],"replies":[{"embeddable":true,"href":"https:\/\/fiapp.com\/fr\/wp-json\/wp\/v2\/comments?post=20371"}],"wp:featuredmedia":[{"embeddable":true,"href":"https:\/\/fiapp.com\/fr\/wp-json\/wp\/v2\/media\/26676"}],"wp:attachment":[{"href":"https:\/\/fiapp.com\/fr\/wp-json\/wp\/v2\/media?parent=20371"}],"wp:term":[{"taxonomy":"product_cat","embeddable":true,"href":"https:\/\/fiapp.com\/fr\/wp-json\/wp\/v2\/product_cat?post=20371"},{"taxonomy":"product_tag","embeddable":true,"href":"https:\/\/fiapp.com\/fr\/wp-json\/wp\/v2\/product_tag?post=20371"}],"curies":[{"name":"wp","href":"https:\/\/api.w.org\/{rel}","templated":true}]}}