{"id":20397,"date":"2017-03-14T15:13:59","date_gmt":"2017-03-14T14:13:59","guid":{"rendered":"https:\/\/beauty.fiapp.com\/fr\/shop\/trocadero-440-beauty\/"},"modified":"2023-11-23T12:58:48","modified_gmt":"2023-11-23T11:58:48","slug":"trocadero-440-beauty","status":"publish","type":"product","link":"https:\/\/fiapp.com\/fr\/trocadero-440-beauty\/","title":{"rendered":"Station de maquillage professionnelle beaut\u00e9 Trocadero 440B"},"content":{"rendered":"","protected":false},"excerpt":{"rendered":"<h3>TROCADERO 440 BEAUTY<\/h3>\n<p>Place de travail \u00e0 paroi pour coiffeur avec miroir r\u00e9glable, plan de travail H 14 cm. avec tiroir lat\u00e9ral. \u00c9clairage miroir avec lampes LED sur supports chrom\u00e9s.<\/p>\n","protected":false},"featured_media":19155,"comment_status":"closed","ping_status":"closed","template":"","meta":{"_acf_changed":false},"product_cat":[328],"product_tag":[],"class_list":["post-20397","product","type-product","status-publish","has-post-thumbnail","hentry","product_cat-places-coiffage-coiffeur"],"acf":[],"_links":{"self":[{"href":"https:\/\/fiapp.com\/fr\/wp-json\/wp\/v2\/product\/20397"}],"collection":[{"href":"https:\/\/fiapp.com\/fr\/wp-json\/wp\/v2\/product"}],"about":[{"href":"https:\/\/fiapp.com\/fr\/wp-json\/wp\/v2\/types\/product"}],"replies":[{"embeddable":true,"href":"https:\/\/fiapp.com\/fr\/wp-json\/wp\/v2\/comments?post=20397"}],"wp:featuredmedia":[{"embeddable":true,"href":"https:\/\/fiapp.com\/fr\/wp-json\/wp\/v2\/media\/19155"}],"wp:attachment":[{"href":"https:\/\/fiapp.com\/fr\/wp-json\/wp\/v2\/media?parent=20397"}],"wp:term":[{"taxonomy":"product_cat","embeddable":true,"href":"https:\/\/fiapp.com\/fr\/wp-json\/wp\/v2\/product_cat?post=20397"},{"taxonomy":"product_tag","embeddable":true,"href":"https:\/\/fiapp.com\/fr\/wp-json\/wp\/v2\/product_tag?post=20397"}],"curies":[{"name":"wp","href":"https:\/\/api.w.org\/{rel}","templated":true}]}}