{"id":20399,"date":"2017-03-14T15:11:46","date_gmt":"2017-03-14T14:11:46","guid":{"rendered":"https:\/\/beauty.fiapp.com\/fr\/shop\/trocadero-440\/"},"modified":"2023-11-23T14:06:19","modified_gmt":"2023-11-23T13:06:19","slug":"trocadero-440u","status":"publish","type":"product","link":"https:\/\/fiapp.com\/fr\/trocadero-440u\/","title":{"rendered":"Poste de travail Trocadero 440 pour stylistes innovants"},"content":{"rendered":"","protected":false},"excerpt":{"rendered":"<h3>TROCADERO 440U<\/h3>\n<p>Place de travail \u00e0 paroi pour coiffeur avec miroir r\u00e9glable, plan de travail H 14 cm. avec tiroir lat\u00e9ral.<\/p>\n","protected":false},"featured_media":26673,"comment_status":"closed","ping_status":"closed","template":"","meta":{"_acf_changed":false},"product_cat":[328,543],"product_tag":[],"class_list":["post-20399","product","type-product","status-publish","has-post-thumbnail","hentry","product_cat-places-coiffage-coiffeur","product_cat-places-coiffage-pour-homme-salon-coiffeur"],"acf":[],"_links":{"self":[{"href":"https:\/\/fiapp.com\/fr\/wp-json\/wp\/v2\/product\/20399"}],"collection":[{"href":"https:\/\/fiapp.com\/fr\/wp-json\/wp\/v2\/product"}],"about":[{"href":"https:\/\/fiapp.com\/fr\/wp-json\/wp\/v2\/types\/product"}],"replies":[{"embeddable":true,"href":"https:\/\/fiapp.com\/fr\/wp-json\/wp\/v2\/comments?post=20399"}],"wp:featuredmedia":[{"embeddable":true,"href":"https:\/\/fiapp.com\/fr\/wp-json\/wp\/v2\/media\/26673"}],"wp:attachment":[{"href":"https:\/\/fiapp.com\/fr\/wp-json\/wp\/v2\/media?parent=20399"}],"wp:term":[{"taxonomy":"product_cat","embeddable":true,"href":"https:\/\/fiapp.com\/fr\/wp-json\/wp\/v2\/product_cat?post=20399"},{"taxonomy":"product_tag","embeddable":true,"href":"https:\/\/fiapp.com\/fr\/wp-json\/wp\/v2\/product_tag?post=20399"}],"curies":[{"name":"wp","href":"https:\/\/api.w.org\/{rel}","templated":true}]}}