{"id":20403,"date":"2017-03-14T15:08:08","date_gmt":"2017-03-14T14:08:08","guid":{"rendered":"https:\/\/beauty.fiapp.com\/fr\/shop\/glam-359\/"},"modified":"2023-11-22T13:03:23","modified_gmt":"2023-11-22T12:03:23","slug":"glam-359","status":"publish","type":"product","link":"https:\/\/fiapp.com\/fr\/glam-359\/","title":{"rendered":"GLAM 359 : Le poste de travail qui r\u00e9volutionne votre salon"},"content":{"rendered":"","protected":false},"excerpt":{"rendered":"<h3>GLAM 359<\/h3>\n<p>Place de travail \u00e0 paroi pour coiffeur, miroir avec cadre plaqu\u00e9 en stratifi\u00e9. Plan de travail plaqu\u00e9 en stratifi\u00e9.<\/p>\n","protected":false},"featured_media":26670,"comment_status":"closed","ping_status":"closed","template":"","meta":{"_acf_changed":false},"product_cat":[328],"product_tag":[],"class_list":["post-20403","product","type-product","status-publish","has-post-thumbnail","hentry","product_cat-places-coiffage-coiffeur"],"acf":[],"_links":{"self":[{"href":"https:\/\/fiapp.com\/fr\/wp-json\/wp\/v2\/product\/20403"}],"collection":[{"href":"https:\/\/fiapp.com\/fr\/wp-json\/wp\/v2\/product"}],"about":[{"href":"https:\/\/fiapp.com\/fr\/wp-json\/wp\/v2\/types\/product"}],"replies":[{"embeddable":true,"href":"https:\/\/fiapp.com\/fr\/wp-json\/wp\/v2\/comments?post=20403"}],"wp:featuredmedia":[{"embeddable":true,"href":"https:\/\/fiapp.com\/fr\/wp-json\/wp\/v2\/media\/26670"}],"wp:attachment":[{"href":"https:\/\/fiapp.com\/fr\/wp-json\/wp\/v2\/media?parent=20403"}],"wp:term":[{"taxonomy":"product_cat","embeddable":true,"href":"https:\/\/fiapp.com\/fr\/wp-json\/wp\/v2\/product_cat?post=20403"},{"taxonomy":"product_tag","embeddable":true,"href":"https:\/\/fiapp.com\/fr\/wp-json\/wp\/v2\/product_tag?post=20403"}],"curies":[{"name":"wp","href":"https:\/\/api.w.org\/{rel}","templated":true}]}}