{"id":20407,"date":"2017-03-14T15:03:56","date_gmt":"2017-03-14T14:03:56","guid":{"rendered":"https:\/\/beauty.fiapp.com\/fr\/shop\/diablo-354\/"},"modified":"2023-11-22T12:46:51","modified_gmt":"2023-11-22T11:46:51","slug":"diablo-354","status":"publish","type":"product","link":"https:\/\/fiapp.com\/fr\/diablo-354\/","title":{"rendered":"DIABLO 354 : La station qui illumine votre talent"},"content":{"rendered":"","protected":false},"excerpt":{"rendered":"<h3>DIABLO 354<\/h3>\n<p>Place de travail \u00e0 paroi pour coiffeur, miroir avec cadre habillage en simil-cuir. Plan de travail plaqu\u00e9 en stratifi\u00e9.<\/p>\n","protected":false},"featured_media":19723,"comment_status":"closed","ping_status":"closed","template":"","meta":{"_acf_changed":false},"product_cat":[328,543],"product_tag":[],"class_list":["post-20407","product","type-product","status-publish","has-post-thumbnail","hentry","product_cat-places-coiffage-coiffeur","product_cat-places-coiffage-pour-homme-salon-coiffeur"],"acf":[],"_links":{"self":[{"href":"https:\/\/fiapp.com\/fr\/wp-json\/wp\/v2\/product\/20407"}],"collection":[{"href":"https:\/\/fiapp.com\/fr\/wp-json\/wp\/v2\/product"}],"about":[{"href":"https:\/\/fiapp.com\/fr\/wp-json\/wp\/v2\/types\/product"}],"replies":[{"embeddable":true,"href":"https:\/\/fiapp.com\/fr\/wp-json\/wp\/v2\/comments?post=20407"}],"wp:featuredmedia":[{"embeddable":true,"href":"https:\/\/fiapp.com\/fr\/wp-json\/wp\/v2\/media\/19723"}],"wp:attachment":[{"href":"https:\/\/fiapp.com\/fr\/wp-json\/wp\/v2\/media?parent=20407"}],"wp:term":[{"taxonomy":"product_cat","embeddable":true,"href":"https:\/\/fiapp.com\/fr\/wp-json\/wp\/v2\/product_cat?post=20407"},{"taxonomy":"product_tag","embeddable":true,"href":"https:\/\/fiapp.com\/fr\/wp-json\/wp\/v2\/product_tag?post=20407"}],"curies":[{"name":"wp","href":"https:\/\/api.w.org\/{rel}","templated":true}]}}