{"id":20413,"date":"2017-03-14T14:56:24","date_gmt":"2017-03-14T13:56:24","guid":{"rendered":"https:\/\/beauty.fiapp.com\/fr\/shop\/jazz-345\/"},"modified":"2023-11-23T10:52:16","modified_gmt":"2023-11-23T09:52:16","slug":"jazz-345","status":"publish","type":"product","link":"https:\/\/fiapp.com\/fr\/jazz-345\/","title":{"rendered":"Station de coiffure Jazz 345 : innovation et style"},"content":{"rendered":"","protected":false},"excerpt":{"rendered":"<h3>JAZZ 345<\/h3>\n<p>Place de travail \u00e0 paroi pour coiffeur avec miroir toute hauteur. Plan de travail plaqu\u00e9 en stratifi\u00e9.<\/p>\n","protected":false},"featured_media":19101,"comment_status":"closed","ping_status":"closed","template":"","meta":{"_acf_changed":false},"product_cat":[328],"product_tag":[],"class_list":["post-20413","product","type-product","status-publish","has-post-thumbnail","hentry","product_cat-places-coiffage-coiffeur"],"acf":[],"_links":{"self":[{"href":"https:\/\/fiapp.com\/fr\/wp-json\/wp\/v2\/product\/20413"}],"collection":[{"href":"https:\/\/fiapp.com\/fr\/wp-json\/wp\/v2\/product"}],"about":[{"href":"https:\/\/fiapp.com\/fr\/wp-json\/wp\/v2\/types\/product"}],"replies":[{"embeddable":true,"href":"https:\/\/fiapp.com\/fr\/wp-json\/wp\/v2\/comments?post=20413"}],"wp:featuredmedia":[{"embeddable":true,"href":"https:\/\/fiapp.com\/fr\/wp-json\/wp\/v2\/media\/19101"}],"wp:attachment":[{"href":"https:\/\/fiapp.com\/fr\/wp-json\/wp\/v2\/media?parent=20413"}],"wp:term":[{"taxonomy":"product_cat","embeddable":true,"href":"https:\/\/fiapp.com\/fr\/wp-json\/wp\/v2\/product_cat?post=20413"},{"taxonomy":"product_tag","embeddable":true,"href":"https:\/\/fiapp.com\/fr\/wp-json\/wp\/v2\/product_tag?post=20413"}],"curies":[{"name":"wp","href":"https:\/\/api.w.org\/{rel}","templated":true}]}}