{"id":20415,"date":"2017-03-14T14:49:29","date_gmt":"2017-03-14T13:49:29","guid":{"rendered":"https:\/\/beauty.fiapp.com\/fr\/shop\/charlotte-676\/"},"modified":"2023-11-22T09:17:43","modified_gmt":"2023-11-22T08:17:43","slug":"charlotte-676","status":"publish","type":"product","link":"https:\/\/fiapp.com\/fr\/charlotte-676\/","title":{"rendered":"Fauteuil Classy CHARLOTTE 676 : El\u00e9gance et Confort pour Coiffeurs"},"content":{"rendered":"","protected":false},"excerpt":{"rendered":"<h3>CHARLOTTE 676<\/h3>\n<p>Fauteuil de travail pour coiffeur, habillage en simil-cuir. Peut \u00eatre coupl\u00e9 avec la base carr\u00e9 UWC18.<\/p>\n","protected":false},"featured_media":19081,"comment_status":"closed","ping_status":"closed","template":"","meta":{"_acf_changed":false},"product_cat":[541],"product_tag":[],"class_list":["post-20415","product","type-product","status-publish","has-post-thumbnail","hentry","product_cat-fauteuils-de-travail-coiffeur"],"acf":[],"_links":{"self":[{"href":"https:\/\/fiapp.com\/fr\/wp-json\/wp\/v2\/product\/20415"}],"collection":[{"href":"https:\/\/fiapp.com\/fr\/wp-json\/wp\/v2\/product"}],"about":[{"href":"https:\/\/fiapp.com\/fr\/wp-json\/wp\/v2\/types\/product"}],"replies":[{"embeddable":true,"href":"https:\/\/fiapp.com\/fr\/wp-json\/wp\/v2\/comments?post=20415"}],"wp:featuredmedia":[{"embeddable":true,"href":"https:\/\/fiapp.com\/fr\/wp-json\/wp\/v2\/media\/19081"}],"wp:attachment":[{"href":"https:\/\/fiapp.com\/fr\/wp-json\/wp\/v2\/media?parent=20415"}],"wp:term":[{"taxonomy":"product_cat","embeddable":true,"href":"https:\/\/fiapp.com\/fr\/wp-json\/wp\/v2\/product_cat?post=20415"},{"taxonomy":"product_tag","embeddable":true,"href":"https:\/\/fiapp.com\/fr\/wp-json\/wp\/v2\/product_tag?post=20415"}],"curies":[{"name":"wp","href":"https:\/\/api.w.org\/{rel}","templated":true}]}}