{"id":20423,"date":"2017-03-14T14:41:08","date_gmt":"2017-03-14T13:41:08","guid":{"rendered":"https:\/\/beauty.fiapp.com\/fr\/shop\/nancy-671\/"},"modified":"2023-11-23T12:01:49","modified_gmt":"2023-11-23T11:01:49","slug":"nancy-671","status":"publish","type":"product","link":"https:\/\/fiapp.com\/fr\/nancy-671\/","title":{"rendered":"NANCY 671 Fauteuil de coiffure \u00e0 dossier courb\u00e9"},"content":{"rendered":"","protected":false},"excerpt":{"rendered":"<h3>NANCY 671<\/h3>\n<p>Fauteuil de travail pour coiffeur avec dossier courbe, habillage en simil-cuir. Peut \u00eatre coupl\u00e9 avec la base ronde UWC19 ou la base \u00e0 5 \u00e9toiles UWC16.<\/p>\n","protected":false},"featured_media":19053,"comment_status":"closed","ping_status":"closed","template":"","meta":{"_acf_changed":false},"product_cat":[541],"product_tag":[],"class_list":["post-20423","product","type-product","status-publish","has-post-thumbnail","hentry","product_cat-fauteuils-de-travail-coiffeur"],"acf":[],"_links":{"self":[{"href":"https:\/\/fiapp.com\/fr\/wp-json\/wp\/v2\/product\/20423"}],"collection":[{"href":"https:\/\/fiapp.com\/fr\/wp-json\/wp\/v2\/product"}],"about":[{"href":"https:\/\/fiapp.com\/fr\/wp-json\/wp\/v2\/types\/product"}],"replies":[{"embeddable":true,"href":"https:\/\/fiapp.com\/fr\/wp-json\/wp\/v2\/comments?post=20423"}],"wp:featuredmedia":[{"embeddable":true,"href":"https:\/\/fiapp.com\/fr\/wp-json\/wp\/v2\/media\/19053"}],"wp:attachment":[{"href":"https:\/\/fiapp.com\/fr\/wp-json\/wp\/v2\/media?parent=20423"}],"wp:term":[{"taxonomy":"product_cat","embeddable":true,"href":"https:\/\/fiapp.com\/fr\/wp-json\/wp\/v2\/product_cat?post=20423"},{"taxonomy":"product_tag","embeddable":true,"href":"https:\/\/fiapp.com\/fr\/wp-json\/wp\/v2\/product_tag?post=20423"}],"curies":[{"name":"wp","href":"https:\/\/api.w.org\/{rel}","templated":true}]}}