{"id":20425,"date":"2017-03-14T14:39:09","date_gmt":"2017-03-14T13:39:09","guid":{"rendered":"https:\/\/beauty.fiapp.com\/fr\/shop\/caroline-670\/"},"modified":"2023-11-22T09:16:14","modified_gmt":"2023-11-22T08:16:14","slug":"caroline-670","status":"publish","type":"product","link":"https:\/\/fiapp.com\/fr\/caroline-670\/","title":{"rendered":"Fauteuil CAROLINE 670 en \u00e9co-cuir : \u00e9l\u00e9gance et confort pour les salons"},"content":{"rendered":"","protected":false},"excerpt":{"rendered":"<h3>CAROLINE 670<\/h3>\n<p>Fauteuil de travail pour coiffeur, habillage en simil-cuir. Peut \u00eatre coupl\u00e9 avec la base carr\u00e9 UWC18.<\/p>\n","protected":false},"featured_media":19045,"comment_status":"closed","ping_status":"closed","template":"","meta":{"_acf_changed":false},"product_cat":[541],"product_tag":[],"class_list":["post-20425","product","type-product","status-publish","has-post-thumbnail","hentry","product_cat-fauteuils-de-travail-coiffeur"],"acf":[],"_links":{"self":[{"href":"https:\/\/fiapp.com\/fr\/wp-json\/wp\/v2\/product\/20425"}],"collection":[{"href":"https:\/\/fiapp.com\/fr\/wp-json\/wp\/v2\/product"}],"about":[{"href":"https:\/\/fiapp.com\/fr\/wp-json\/wp\/v2\/types\/product"}],"replies":[{"embeddable":true,"href":"https:\/\/fiapp.com\/fr\/wp-json\/wp\/v2\/comments?post=20425"}],"wp:featuredmedia":[{"embeddable":true,"href":"https:\/\/fiapp.com\/fr\/wp-json\/wp\/v2\/media\/19045"}],"wp:attachment":[{"href":"https:\/\/fiapp.com\/fr\/wp-json\/wp\/v2\/media?parent=20425"}],"wp:term":[{"taxonomy":"product_cat","embeddable":true,"href":"https:\/\/fiapp.com\/fr\/wp-json\/wp\/v2\/product_cat?post=20425"},{"taxonomy":"product_tag","embeddable":true,"href":"https:\/\/fiapp.com\/fr\/wp-json\/wp\/v2\/product_tag?post=20425"}],"curies":[{"name":"wp","href":"https:\/\/api.w.org\/{rel}","templated":true}]}}