{"id":20427,"date":"2017-03-14T14:37:16","date_gmt":"2017-03-14T13:37:16","guid":{"rendered":"https:\/\/beauty.fiapp.com\/fr\/shop\/marylin-669\/"},"modified":"2023-11-23T11:39:59","modified_gmt":"2023-11-23T10:39:59","slug":"marylin-669","status":"publish","type":"product","link":"https:\/\/fiapp.com\/fr\/marylin-669\/","title":{"rendered":"Fauteuil de coiffure MARYLIN 669 : Design et Confort"},"content":{"rendered":"","protected":false},"excerpt":{"rendered":"<h3>MARYLIN 669<\/h3>\n<p>Fauteuil de travail pour coiffure avec structure en mousse, habillage en simil-cuir. Peut \u00eatre coupl\u00e9 avec la base ronde UWC9 ou la base \u00e0 5 \u00e9toiles UWC16.<\/p>\n","protected":false},"featured_media":19037,"comment_status":"closed","ping_status":"closed","template":"","meta":{"_acf_changed":false},"product_cat":[541],"product_tag":[],"class_list":["post-20427","product","type-product","status-publish","has-post-thumbnail","hentry","product_cat-fauteuils-de-travail-coiffeur"],"acf":[],"_links":{"self":[{"href":"https:\/\/fiapp.com\/fr\/wp-json\/wp\/v2\/product\/20427"}],"collection":[{"href":"https:\/\/fiapp.com\/fr\/wp-json\/wp\/v2\/product"}],"about":[{"href":"https:\/\/fiapp.com\/fr\/wp-json\/wp\/v2\/types\/product"}],"replies":[{"embeddable":true,"href":"https:\/\/fiapp.com\/fr\/wp-json\/wp\/v2\/comments?post=20427"}],"wp:featuredmedia":[{"embeddable":true,"href":"https:\/\/fiapp.com\/fr\/wp-json\/wp\/v2\/media\/19037"}],"wp:attachment":[{"href":"https:\/\/fiapp.com\/fr\/wp-json\/wp\/v2\/media?parent=20427"}],"wp:term":[{"taxonomy":"product_cat","embeddable":true,"href":"https:\/\/fiapp.com\/fr\/wp-json\/wp\/v2\/product_cat?post=20427"},{"taxonomy":"product_tag","embeddable":true,"href":"https:\/\/fiapp.com\/fr\/wp-json\/wp\/v2\/product_tag?post=20427"}],"curies":[{"name":"wp","href":"https:\/\/api.w.org\/{rel}","templated":true}]}}