{"id":20433,"date":"2017-03-14T14:27:37","date_gmt":"2017-03-14T13:27:37","guid":{"rendered":"https:\/\/beauty.fiapp.com\/fr\/shop\/diablo-666\/"},"modified":"2023-11-22T12:47:41","modified_gmt":"2023-11-22T11:47:41","slug":"diablo-666","status":"publish","type":"product","link":"https:\/\/fiapp.com\/fr\/diablo-666\/","title":{"rendered":"DIABLO 666 : Confort et design dans votre fauteuil de coiffure"},"content":{"rendered":"","protected":false},"excerpt":{"rendered":"<h3>DIABLO 666<\/h3>\n<p>Fauteuil de travail pour coiffeur, habillage en simil-cuir. Peut \u00eatre coupl\u00e9 avec la base carr\u00e9 UWC18D.<\/p>\n","protected":false},"featured_media":19013,"comment_status":"closed","ping_status":"closed","template":"","meta":{"_acf_changed":false},"product_cat":[541],"product_tag":[],"class_list":["post-20433","product","type-product","status-publish","has-post-thumbnail","hentry","product_cat-fauteuils-de-travail-coiffeur"],"acf":[],"_links":{"self":[{"href":"https:\/\/fiapp.com\/fr\/wp-json\/wp\/v2\/product\/20433"}],"collection":[{"href":"https:\/\/fiapp.com\/fr\/wp-json\/wp\/v2\/product"}],"about":[{"href":"https:\/\/fiapp.com\/fr\/wp-json\/wp\/v2\/types\/product"}],"replies":[{"embeddable":true,"href":"https:\/\/fiapp.com\/fr\/wp-json\/wp\/v2\/comments?post=20433"}],"wp:featuredmedia":[{"embeddable":true,"href":"https:\/\/fiapp.com\/fr\/wp-json\/wp\/v2\/media\/19013"}],"wp:attachment":[{"href":"https:\/\/fiapp.com\/fr\/wp-json\/wp\/v2\/media?parent=20433"}],"wp:term":[{"taxonomy":"product_cat","embeddable":true,"href":"https:\/\/fiapp.com\/fr\/wp-json\/wp\/v2\/product_cat?post=20433"},{"taxonomy":"product_tag","embeddable":true,"href":"https:\/\/fiapp.com\/fr\/wp-json\/wp\/v2\/product_tag?post=20433"}],"curies":[{"name":"wp","href":"https:\/\/api.w.org\/{rel}","templated":true}]}}