{"id":20441,"date":"2017-03-10T15:25:26","date_gmt":"2017-03-10T14:25:26","guid":{"rendered":"https:\/\/beauty.fiapp.com\/fr\/shop\/luxury-e131-2\/"},"modified":"2023-11-23T11:04:07","modified_gmt":"2023-11-23T10:04:07","slug":"luxury-e131c","status":"publish","type":"product","link":"https:\/\/fiapp.com\/fr\/luxury-e131c\/","title":{"rendered":"Fauteuil de podologie de luxe innovant E131 pour centres de beaut\u00e9"},"content":{"rendered":"","protected":false},"excerpt":{"rendered":"<h3>LUXURY E131C<\/h3>\n<p>Pedispa avec structure en Corian blanc complete avec vasque int\u00e9gr\u00e9. Fauteuil art. Diablo 666 sur plaque tournante, habillage en simil-cuir et repose-pieds r\u00e9glable en hauteur, amovible.<\/p>\n","protected":false},"featured_media":18523,"comment_status":"open","ping_status":"closed","template":"","meta":{"_acf_changed":false},"product_cat":[292,290],"product_tag":[],"class_list":["post-20441","product","type-product","status-publish","has-post-thumbnail","hentry","product_cat-pedispa-coiffeur","product_cat-pedispa-spa-nails"],"acf":[],"_links":{"self":[{"href":"https:\/\/fiapp.com\/fr\/wp-json\/wp\/v2\/product\/20441"}],"collection":[{"href":"https:\/\/fiapp.com\/fr\/wp-json\/wp\/v2\/product"}],"about":[{"href":"https:\/\/fiapp.com\/fr\/wp-json\/wp\/v2\/types\/product"}],"replies":[{"embeddable":true,"href":"https:\/\/fiapp.com\/fr\/wp-json\/wp\/v2\/comments?post=20441"}],"wp:featuredmedia":[{"embeddable":true,"href":"https:\/\/fiapp.com\/fr\/wp-json\/wp\/v2\/media\/18523"}],"wp:attachment":[{"href":"https:\/\/fiapp.com\/fr\/wp-json\/wp\/v2\/media?parent=20441"}],"wp:term":[{"taxonomy":"product_cat","embeddable":true,"href":"https:\/\/fiapp.com\/fr\/wp-json\/wp\/v2\/product_cat?post=20441"},{"taxonomy":"product_tag","embeddable":true,"href":"https:\/\/fiapp.com\/fr\/wp-json\/wp\/v2\/product_tag?post=20441"}],"curies":[{"name":"wp","href":"https:\/\/api.w.org\/{rel}","templated":true}]}}