{"id":20443,"date":"2017-03-10T15:23:59","date_gmt":"2017-03-10T14:23:59","guid":{"rendered":"https:\/\/beauty.fiapp.com\/fr\/shop\/nails-e130-e-e130d-2\/"},"modified":"2023-11-23T11:49:00","modified_gmt":"2023-11-23T10:49:00","slug":"nails-e130","status":"publish","type":"product","link":"https:\/\/fiapp.com\/fr\/nails-e130\/","title":{"rendered":"Station de manucure Nails E130 : esth\u00e9tique et praticit\u00e9"},"content":{"rendered":"","protected":false},"excerpt":{"rendered":"<h3>NAILS E130<\/h3>\n<p>Place de manucure en m\u00e9lamin\u00e9, bloc tiroirs sous le plan de travail et pied chrom\u00e9. Option: aspirateur int\u00e9gr\u00e9, lampe LED pour l&#8217;\u00e9clairage du plan de travail, prises et interrupteurs.<\/p>\n","protected":false},"featured_media":18521,"comment_status":"open","ping_status":"closed","template":"","meta":{"_acf_changed":false},"product_cat":[294],"product_tag":[],"class_list":["post-20443","product","type-product","status-publish","has-post-thumbnail","hentry","product_cat-tables-de-manucure-spa-nails"],"acf":[],"_links":{"self":[{"href":"https:\/\/fiapp.com\/fr\/wp-json\/wp\/v2\/product\/20443"}],"collection":[{"href":"https:\/\/fiapp.com\/fr\/wp-json\/wp\/v2\/product"}],"about":[{"href":"https:\/\/fiapp.com\/fr\/wp-json\/wp\/v2\/types\/product"}],"replies":[{"embeddable":true,"href":"https:\/\/fiapp.com\/fr\/wp-json\/wp\/v2\/comments?post=20443"}],"wp:featuredmedia":[{"embeddable":true,"href":"https:\/\/fiapp.com\/fr\/wp-json\/wp\/v2\/media\/18521"}],"wp:attachment":[{"href":"https:\/\/fiapp.com\/fr\/wp-json\/wp\/v2\/media?parent=20443"}],"wp:term":[{"taxonomy":"product_cat","embeddable":true,"href":"https:\/\/fiapp.com\/fr\/wp-json\/wp\/v2\/product_cat?post=20443"},{"taxonomy":"product_tag","embeddable":true,"href":"https:\/\/fiapp.com\/fr\/wp-json\/wp\/v2\/product_tag?post=20443"}],"curies":[{"name":"wp","href":"https:\/\/api.w.org\/{rel}","templated":true}]}}