{"id":20447,"date":"2017-03-10T15:21:01","date_gmt":"2017-03-10T14:21:01","guid":{"rendered":"https:\/\/beauty.fiapp.com\/fr\/shop\/harmony-405-2\/"},"modified":"2023-11-23T10:44:40","modified_gmt":"2023-11-23T09:44:40","slug":"harmony-405-2","status":"publish","type":"product","link":"https:\/\/fiapp.com\/fr\/harmony-405-2\/","title":{"rendered":"Chariot Harmony 405 : L&#8217;accessoire qui allie design et praticit\u00e9"},"content":{"rendered":"","protected":false},"excerpt":{"rendered":"<h3>HARMONY 405<\/h3>\n<p>Chariot en m\u00e9lamin\u00e9, 5 vasques amovibles en PVC noir ou blanc et support pour s\u00e8che-cheveux. Plateau revetu inox bross\u00e9.<\/p>\n","protected":false},"featured_media":18517,"comment_status":"closed","ping_status":"closed","template":"","meta":{"_acf_changed":false},"product_cat":[303,304],"product_tag":[],"class_list":["post-20447","product","type-product","status-publish","has-post-thumbnail","hentry","product_cat-chariots-spa-nails","product_cat-chariots-coiffeur"],"acf":[],"_links":{"self":[{"href":"https:\/\/fiapp.com\/fr\/wp-json\/wp\/v2\/product\/20447"}],"collection":[{"href":"https:\/\/fiapp.com\/fr\/wp-json\/wp\/v2\/product"}],"about":[{"href":"https:\/\/fiapp.com\/fr\/wp-json\/wp\/v2\/types\/product"}],"replies":[{"embeddable":true,"href":"https:\/\/fiapp.com\/fr\/wp-json\/wp\/v2\/comments?post=20447"}],"wp:featuredmedia":[{"embeddable":true,"href":"https:\/\/fiapp.com\/fr\/wp-json\/wp\/v2\/media\/18517"}],"wp:attachment":[{"href":"https:\/\/fiapp.com\/fr\/wp-json\/wp\/v2\/media?parent=20447"}],"wp:term":[{"taxonomy":"product_cat","embeddable":true,"href":"https:\/\/fiapp.com\/fr\/wp-json\/wp\/v2\/product_cat?post=20447"},{"taxonomy":"product_tag","embeddable":true,"href":"https:\/\/fiapp.com\/fr\/wp-json\/wp\/v2\/product_tag?post=20447"}],"curies":[{"name":"wp","href":"https:\/\/api.w.org\/{rel}","templated":true}]}}